{"id":4212,"date":"2024-02-05T19:35:02","date_gmt":"2024-02-05T19:35:02","guid":{"rendered":"https:\/\/portedesperance.eu\/centre-de-vacances-chretien\/"},"modified":"2024-02-09T12:31:41","modified_gmt":"2024-02-09T12:31:41","slug":"centre-de-vacances-chretien","status":"publish","type":"page","link":"https:\/\/portedesperance.eu\/fr\/centre-de-vacances-chretien\/","title":{"rendered":"Centre de vacances chr\u00e9tien"},"content":{"rendered":"<div class=\"fusion-fullwidth fullwidth-box fusion-builder-row-1 fusion-flex-container has-pattern-background has-mask-background hundred-percent-fullwidth non-hundred-percent-height-scrolling\" style=\"--awb-border-radius-top-left:0px;--awb-border-radius-top-right:0px;--awb-border-radius-bottom-right:0px;--awb-border-radius-bottom-left:0px;--awb-flex-wrap:wrap;\" ><div class=\"fusion-builder-row fusion-row fusion-flex-align-items-flex-start fusion-flex-content-wrap\" style=\"width:104% !important;max-width:104% !important;margin-left: calc(-4% \/ 2 );margin-right: calc(-4% \/ 2 );\"><div class=\"fusion-layout-column fusion_builder_column fusion-builder-column-0 fusion_builder_column_1_2 1_2 fusion-flex-column fusion-flex-align-self-flex-start\" style=\"--awb-bg-image:url(&#039;http:\/\/portedesperance.eu\/wp-content\/uploads\/2024\/02\/home-24-300x200.jpg&#039;);--awb-bg-position:center center;--awb-bg-size:cover;--awb-transform-origin:49% 49%;--awb-width-large:50%;--awb-margin-top-large:200px;--awb-spacing-right-large:0%;--awb-margin-bottom-large:0px;--awb-spacing-left-large:0%;--awb-width-medium:100%;--awb-order-medium:0;--awb-spacing-right-medium:1.92%;--awb-spacing-left-medium:1.92%;--awb-width-small:100%;--awb-order-small:0;--awb-spacing-right-small:1.92%;--awb-spacing-left-small:1.92%;\"><div class=\"fusion-column-wrapper fusion-column-has-shadow fusion-flex-justify-content-flex-start fusion-content-layout-block fusion-column-has-bg-image\" data-bg-url=\"http:\/\/portedesperance.eu\/wp-content\/uploads\/2024\/02\/home-24-300x200.jpg\"><div class=\"fusion-image-carousel fusion-image-carousel-auto fusion-image-carousel-1\"><div class=\"awb-carousel awb-swiper awb-swiper-carousel awb-carousel--carousel awb-swiper-dots-position-bottom\" data-layout=\"carousel\" data-autoplay=\"no\" data-autoplayspeed=\"2500\" data-autoplaypause=\"no\" data-columns=\"1\" data-columnsmedium=\"1\" data-columnssmall=\"1\" data-itemmargin=\"0\" data-itemwidth=\"180\" data-touchscroll=\"no\" data-freemode=\"no\" data-imagesize=\"auto\" data-scrollitems=\"0\" data-centeredslides=\"no\" data-rotationangle=\"50\" data-depth=\"100\" data-speed=\"500\" data-shadow=\"no\" data-pagination=\"bullets\" style=\"--awb-columns:1;--awb-column-spacing:0px;\"><div class=\"swiper-wrapper awb-image-carousel-wrapper fusion-flex-align-items-center\"><div class=\"swiper-slide\"><div class=\"fusion-carousel-item-wrapper\"><div class=\"fusion-image-wrapper hover-type-none\"><img decoding=\"async\" width=\"2560\" height=\"1707\" src=\"https:\/\/portedesperance.eu\/wp-content\/uploads\/2024\/02\/home-24-scaled.jpg\" class=\"attachment-full size-full lazyload\" alt=\"\" srcset=\"data:image\/svg+xml,%3Csvg%20xmlns%3D%27http%3A%2F%2Fwww.w3.org%2F2000%2Fsvg%27%20width%3D%272560%27%20height%3D%271707%27%20viewBox%3D%270%200%202560%201707%27%3E%3Crect%20width%3D%272560%27%20height%3D%271707%27%20fill-opacity%3D%220%22%2F%3E%3C%2Fsvg%3E\" data-orig-src=\"https:\/\/portedesperance.eu\/wp-content\/uploads\/2024\/02\/home-24-scaled.jpg\" data-srcset=\"https:\/\/portedesperance.eu\/wp-content\/uploads\/2024\/02\/home-24-200x133.jpg 200w, https:\/\/portedesperance.eu\/wp-content\/uploads\/2024\/02\/home-24-300x200.jpg 300w, https:\/\/portedesperance.eu\/wp-content\/uploads\/2024\/02\/home-24-400x267.jpg 400w, https:\/\/portedesperance.eu\/wp-content\/uploads\/2024\/02\/home-24-600x400.jpg 600w, https:\/\/portedesperance.eu\/wp-content\/uploads\/2024\/02\/home-24-768x512.jpg 768w, https:\/\/portedesperance.eu\/wp-content\/uploads\/2024\/02\/home-24-800x533.jpg 800w, https:\/\/portedesperance.eu\/wp-content\/uploads\/2024\/02\/home-24-1024x683.jpg 1024w, https:\/\/portedesperance.eu\/wp-content\/uploads\/2024\/02\/home-24-1200x800.jpg 1200w, https:\/\/portedesperance.eu\/wp-content\/uploads\/2024\/02\/home-24-1536x1024.jpg 1536w, https:\/\/portedesperance.eu\/wp-content\/uploads\/2024\/02\/home-24-scaled.jpg 2560w\" data-sizes=\"auto\" \/><\/div><\/div><\/div><\/div><\/div><\/div><\/div><\/div><div class=\"fusion-layout-column fusion_builder_column fusion-builder-column-1 fusion_builder_column_1_2 1_2 fusion-flex-column\" style=\"--awb-bg-size:cover;--awb-width-large:50%;--awb-margin-top-large:200px;--awb-spacing-right-large:3.84%;--awb-margin-bottom-large:20px;--awb-spacing-left-large:3.84%;--awb-width-medium:100%;--awb-order-medium:0;--awb-spacing-right-medium:1.92%;--awb-spacing-left-medium:1.92%;--awb-width-small:100%;--awb-order-small:0;--awb-spacing-right-small:1.92%;--awb-spacing-left-small:1.92%;\"><div class=\"fusion-column-wrapper fusion-column-has-shadow fusion-flex-justify-content-flex-start fusion-content-layout-column\"><div class=\"fusion-title title fusion-title-1 fusion-sep-none fusion-title-text fusion-title-size-one\"><h1 class=\"fusion-title-heading title-heading-left\" style=\"margin:0;text-transform:uppercase;\"><h2 class=\"title-heading-left fusion-live-editable medium-editor-element\" role=\"textbox\" contenteditable=\"true\" spellcheck=\"true\" data-inline-parent-cid=\"86\" data-inline-override-color=\"text_color\" data-inline-override-font-size=\"font_size\" data-inline-override-line-height=\"line_height\" data-inline-override-letter-spacing=\"letter_spacing\" data-inline-override-tag=\"size\" data-toolbar=\"full\" data-param=\"element_content\" data-medium-editor-element=\"true\" aria-multiline=\"true\" data-medium-editor-editor-index=\"6\" data-placeholder=\"Your Content Goes Here\" data-medium-focused=\"true\">VACANCES CHR\u00c9TIENNES PAR TAMARISK VILLAGES<\/h2><\/h1><\/div><div class=\"fusion-separator\" style=\"align-self: flex-start;margin-right:auto;margin-bottom:40px;width:100%;max-width:400px;\"><div class=\"fusion-separator-border sep-single\" style=\"--awb-height:20px;--awb-amount:20px;--awb-sep-color:var(--awb-color4);border-color:var(--awb-color4);border-top-width:3px;\"><\/div><\/div><div class=\"fusion-text fusion-text-1\"><p style=\"font-size: 18px;\" data-fusion-font=\"true\">Porte d\u2019Esp\u00e9rance est \u00e9galement un endroit merveilleux pour passer des vacances, surtout en \u00e9t\u00e9. Profitez du temps magnifique du sud de la France et d\u00e9tendez-vous. Il est possible de nous rendre visite et de passer vos vacances ici. Vous pouvez donc r\u00e9server l&rsquo;un de nos maisons pour les vacances par le biais de la plateforme de r\u00e9servation Tamarisk Villages. Pendant les vacances d&rsquo;\u00e9t\u00e9, Porte d&rsquo;Esp\u00e9rance offre \u00e9galement aux vacanciers des Villages Tamarisk la possibilit\u00e9 de participer \u00e0 un programme spirituel et de d\u00e9tente. Il est donc possible d&rsquo;assister \u00e0 l&rsquo;office du dimanche et aux offices du matin et du soir. Aimeriez-vous \u00e9galement passer des vacances dans cet endroit sp\u00e9cial. Ensuite, r\u00e9servez votre s\u00e9jour directement aupr\u00e8s r\u00e9servation de Tamarisk Villages.<\/p>\n<\/div><div class=\"fusion-image-element \" style=\"text-align:center;--awb-caption-title-font-family:var(--h2_typography-font-family);--awb-caption-title-font-weight:var(--h2_typography-font-weight);--awb-caption-title-font-style:var(--h2_typography-font-style);--awb-caption-title-size:var(--h2_typography-font-size);--awb-caption-title-transform:var(--h2_typography-text-transform);--awb-caption-title-line-height:var(--h2_typography-line-height);--awb-caption-title-letter-spacing:var(--h2_typography-letter-spacing);\"><span class=\" fusion-imageframe imageframe-none imageframe-1 hover-type-none\"><img decoding=\"async\" width=\"300\" height=\"185\" title=\"LogoTamariskVillages\" src=\"https:\/\/portedesperance.eu\/wp-content\/uploads\/2022\/11\/LogoTamariskVillages.png\" data-orig-src=\"http:\/\/portedesperance.eu\/wp-content\/uploads\/2022\/11\/LogoTamariskVillages-300x185.png\" alt class=\"lazyload img-responsive wp-image-3031\" srcset=\"data:image\/svg+xml,%3Csvg%20xmlns%3D%27http%3A%2F%2Fwww.w3.org%2F2000%2Fsvg%27%20width%3D%27772%27%20height%3D%27476%27%20viewBox%3D%270%200%20772%20476%27%3E%3Crect%20width%3D%27772%27%20height%3D%27476%27%20fill-opacity%3D%220%22%2F%3E%3C%2Fsvg%3E\" data-srcset=\"https:\/\/portedesperance.eu\/wp-content\/uploads\/2022\/11\/LogoTamariskVillages-200x123.png 200w, https:\/\/portedesperance.eu\/wp-content\/uploads\/2022\/11\/LogoTamariskVillages-400x247.png 400w, https:\/\/portedesperance.eu\/wp-content\/uploads\/2022\/11\/LogoTamariskVillages-600x370.png 600w, https:\/\/portedesperance.eu\/wp-content\/uploads\/2022\/11\/LogoTamariskVillages.png 772w\" data-sizes=\"auto\" data-orig-sizes=\"(max-width: 1024px) 100vw, (max-width: 640px) 100vw, 600px\" \/><\/span><\/div><div class=\"fusion-separator fusion-full-width-sep\" style=\"align-self: center;margin-left: auto;margin-right: auto;margin-top:50px;width:100%;\"><div class=\"fusion-separator-border sep-single\" style=\"--awb-height:20px;--awb-amount:20px;border-color:hsla(var(--awb-color8-h),var(--awb-color8-s),var(--awb-color8-l),calc( var(--awb-color8-a) - 88% ));border-top-width:0px;\"><\/div><\/div><div style=\"text-align:center;\"><a class=\"fusion-button button-flat fusion-button-default-size button-default fusion-button-default button-1 fusion-button-default-span fusion-button-default-type\" target=\"_self\" href=\"https:\/\/tamariskvillages.eu\/\"><span class=\"fusion-button-text awb-button__text awb-button__text--default\">Aller \u00e0 Tamarisk Villages<\/span><\/a><\/div><\/div><\/div><\/div><\/div>\n","protected":false},"excerpt":{"rendered":"","protected":false},"author":6,"featured_media":0,"parent":0,"menu_order":0,"comment_status":"closed","ping_status":"closed","template":"100-width.php","meta":{"_acf_changed":false,"om_disable_all_campaigns":false,"_monsterinsights_skip_tracking":false,"_monsterinsights_sitenote_active":false,"_monsterinsights_sitenote_note":"","_monsterinsights_sitenote_category":0,"footnotes":""},"class_list":["post-4212","page","type-page","status-publish","hentry"],"acf":[],"yoast_head":"<!-- This site is optimized with the Yoast SEO plugin v26.9 - https:\/\/yoast.com\/product\/yoast-seo-wordpress\/ -->\n<title>Centre de vacances chr\u00e9tien - Porte d&#039;Esp\u00e9rance<\/title>\n<meta name=\"robots\" content=\"index, follow, max-snippet:-1, max-image-preview:large, max-video-preview:-1\" \/>\n<link rel=\"canonical\" href=\"https:\/\/portedesperance.eu\/fr\/centre-de-vacances-chretien\/\" \/>\n<meta property=\"og:locale\" content=\"fr_FR\" \/>\n<meta property=\"og:type\" content=\"article\" \/>\n<meta property=\"og:title\" content=\"Centre de vacances chr\u00e9tien - Porte d&#039;Esp\u00e9rance\" \/>\n<meta property=\"og:url\" content=\"https:\/\/portedesperance.eu\/fr\/centre-de-vacances-chretien\/\" \/>\n<meta property=\"og:site_name\" content=\"Porte d&#039;Esp\u00e9rance\" \/>\n<meta property=\"article:modified_time\" content=\"2024-02-09T12:31:41+00:00\" \/>\n<meta property=\"og:image\" content=\"https:\/\/portedesperance.eu\/wp-content\/uploads\/2023\/01\/P1050905.jpg\" \/>\n\t<meta property=\"og:image:width\" content=\"2048\" \/>\n\t<meta property=\"og:image:height\" content=\"1536\" \/>\n\t<meta property=\"og:image:type\" content=\"image\/jpeg\" \/>\n<meta name=\"twitter:card\" content=\"summary_large_image\" \/>\n<meta name=\"twitter:label1\" content=\"Dur\u00e9e de lecture estim\u00e9e\" \/>\n\t<meta name=\"twitter:data1\" content=\"6 minutes\" \/>\n<script type=\"application\/ld+json\" class=\"yoast-schema-graph\">{\"@context\":\"https:\/\/schema.org\",\"@graph\":[{\"@type\":\"WebPage\",\"@id\":\"https:\/\/portedesperance.eu\/fr\/centre-de-vacances-chretien\/\",\"url\":\"https:\/\/portedesperance.eu\/fr\/centre-de-vacances-chretien\/\",\"name\":\"Centre de vacances chr\u00e9tien - Porte d&#039;Esp\u00e9rance\",\"isPartOf\":{\"@id\":\"https:\/\/portedesperance.eu\/fr\/#website\"},\"datePublished\":\"2024-02-05T19:35:02+00:00\",\"dateModified\":\"2024-02-09T12:31:41+00:00\",\"breadcrumb\":{\"@id\":\"https:\/\/portedesperance.eu\/fr\/centre-de-vacances-chretien\/#breadcrumb\"},\"inLanguage\":\"fr-FR\",\"potentialAction\":[{\"@type\":\"ReadAction\",\"target\":[\"https:\/\/portedesperance.eu\/fr\/centre-de-vacances-chretien\/\"]}]},{\"@type\":\"BreadcrumbList\",\"@id\":\"https:\/\/portedesperance.eu\/fr\/centre-de-vacances-chretien\/#breadcrumb\",\"itemListElement\":[{\"@type\":\"ListItem\",\"position\":1,\"name\":\"Home\",\"item\":\"https:\/\/portedesperance.eu\/fr\/portedesperance\/\"},{\"@type\":\"ListItem\",\"position\":2,\"name\":\"Centre de vacances chr\u00e9tien\"}]},{\"@type\":\"WebSite\",\"@id\":\"https:\/\/portedesperance.eu\/fr\/#website\",\"url\":\"https:\/\/portedesperance.eu\/fr\/\",\"name\":\"Porte d Esperance\",\"description\":\"Vrienden van Porte d&#039;Esp\u00e9rance\",\"publisher\":{\"@id\":\"https:\/\/portedesperance.eu\/fr\/#organization\"},\"potentialAction\":[{\"@type\":\"SearchAction\",\"target\":{\"@type\":\"EntryPoint\",\"urlTemplate\":\"https:\/\/portedesperance.eu\/fr\/?s={search_term_string}\"},\"query-input\":{\"@type\":\"PropertyValueSpecification\",\"valueRequired\":true,\"valueName\":\"search_term_string\"}}],\"inLanguage\":\"fr-FR\"},{\"@type\":\"Organization\",\"@id\":\"https:\/\/portedesperance.eu\/fr\/#organization\",\"name\":\"Porte d Esperance\",\"url\":\"https:\/\/portedesperance.eu\/fr\/\",\"logo\":{\"@type\":\"ImageObject\",\"inLanguage\":\"fr-FR\",\"@id\":\"https:\/\/portedesperance.eu\/fr\/#\/schema\/logo\/image\/\",\"url\":\"https:\/\/portedesperance.eu\/wp-content\/uploads\/2023\/01\/LOGO_Porte-desperance_tekstblok_groen.png\",\"contentUrl\":\"https:\/\/portedesperance.eu\/wp-content\/uploads\/2023\/01\/LOGO_Porte-desperance_tekstblok_groen.png\",\"width\":400,\"height\":239,\"caption\":\"Porte d Esperance\"},\"image\":{\"@id\":\"https:\/\/portedesperance.eu\/fr\/#\/schema\/logo\/image\/\"}}]}<\/script>\n<!-- \/ Yoast SEO plugin. -->","yoast_head_json":{"title":"Centre de vacances chr\u00e9tien - Porte d&#039;Esp\u00e9rance","robots":{"index":"index","follow":"follow","max-snippet":"max-snippet:-1","max-image-preview":"max-image-preview:large","max-video-preview":"max-video-preview:-1"},"canonical":"https:\/\/portedesperance.eu\/fr\/centre-de-vacances-chretien\/","og_locale":"fr_FR","og_type":"article","og_title":"Centre de vacances chr\u00e9tien - Porte d&#039;Esp\u00e9rance","og_url":"https:\/\/portedesperance.eu\/fr\/centre-de-vacances-chretien\/","og_site_name":"Porte d&#039;Esp\u00e9rance","article_modified_time":"2024-02-09T12:31:41+00:00","og_image":[{"width":2048,"height":1536,"url":"https:\/\/portedesperance.eu\/wp-content\/uploads\/2023\/01\/P1050905.jpg","type":"image\/jpeg"}],"twitter_card":"summary_large_image","twitter_misc":{"Dur\u00e9e de lecture estim\u00e9e":"6 minutes"},"schema":{"@context":"https:\/\/schema.org","@graph":[{"@type":"WebPage","@id":"https:\/\/portedesperance.eu\/fr\/centre-de-vacances-chretien\/","url":"https:\/\/portedesperance.eu\/fr\/centre-de-vacances-chretien\/","name":"Centre de vacances chr\u00e9tien - Porte d&#039;Esp\u00e9rance","isPartOf":{"@id":"https:\/\/portedesperance.eu\/fr\/#website"},"datePublished":"2024-02-05T19:35:02+00:00","dateModified":"2024-02-09T12:31:41+00:00","breadcrumb":{"@id":"https:\/\/portedesperance.eu\/fr\/centre-de-vacances-chretien\/#breadcrumb"},"inLanguage":"fr-FR","potentialAction":[{"@type":"ReadAction","target":["https:\/\/portedesperance.eu\/fr\/centre-de-vacances-chretien\/"]}]},{"@type":"BreadcrumbList","@id":"https:\/\/portedesperance.eu\/fr\/centre-de-vacances-chretien\/#breadcrumb","itemListElement":[{"@type":"ListItem","position":1,"name":"Home","item":"https:\/\/portedesperance.eu\/fr\/portedesperance\/"},{"@type":"ListItem","position":2,"name":"Centre de vacances chr\u00e9tien"}]},{"@type":"WebSite","@id":"https:\/\/portedesperance.eu\/fr\/#website","url":"https:\/\/portedesperance.eu\/fr\/","name":"Porte d Esperance","description":"Vrienden van Porte d&#039;Esp\u00e9rance","publisher":{"@id":"https:\/\/portedesperance.eu\/fr\/#organization"},"potentialAction":[{"@type":"SearchAction","target":{"@type":"EntryPoint","urlTemplate":"https:\/\/portedesperance.eu\/fr\/?s={search_term_string}"},"query-input":{"@type":"PropertyValueSpecification","valueRequired":true,"valueName":"search_term_string"}}],"inLanguage":"fr-FR"},{"@type":"Organization","@id":"https:\/\/portedesperance.eu\/fr\/#organization","name":"Porte d Esperance","url":"https:\/\/portedesperance.eu\/fr\/","logo":{"@type":"ImageObject","inLanguage":"fr-FR","@id":"https:\/\/portedesperance.eu\/fr\/#\/schema\/logo\/image\/","url":"https:\/\/portedesperance.eu\/wp-content\/uploads\/2023\/01\/LOGO_Porte-desperance_tekstblok_groen.png","contentUrl":"https:\/\/portedesperance.eu\/wp-content\/uploads\/2023\/01\/LOGO_Porte-desperance_tekstblok_groen.png","width":400,"height":239,"caption":"Porte d Esperance"},"image":{"@id":"https:\/\/portedesperance.eu\/fr\/#\/schema\/logo\/image\/"}}]}},"_links":{"self":[{"href":"https:\/\/portedesperance.eu\/fr\/wp-json\/wp\/v2\/pages\/4212","targetHints":{"allow":["GET"]}}],"collection":[{"href":"https:\/\/portedesperance.eu\/fr\/wp-json\/wp\/v2\/pages"}],"about":[{"href":"https:\/\/portedesperance.eu\/fr\/wp-json\/wp\/v2\/types\/page"}],"author":[{"embeddable":true,"href":"https:\/\/portedesperance.eu\/fr\/wp-json\/wp\/v2\/users\/6"}],"replies":[{"embeddable":true,"href":"https:\/\/portedesperance.eu\/fr\/wp-json\/wp\/v2\/comments?post=4212"}],"version-history":[{"count":24,"href":"https:\/\/portedesperance.eu\/fr\/wp-json\/wp\/v2\/pages\/4212\/revisions"}],"predecessor-version":[{"id":4312,"href":"https:\/\/portedesperance.eu\/fr\/wp-json\/wp\/v2\/pages\/4212\/revisions\/4312"}],"wp:attachment":[{"href":"https:\/\/portedesperance.eu\/fr\/wp-json\/wp\/v2\/media?parent=4212"}],"curies":[{"name":"wp","href":"https:\/\/api.w.org\/{rel}","templated":true}]}}