{"id":4083,"date":"2024-01-02T11:37:27","date_gmt":"2024-01-02T11:37:27","guid":{"rendered":"https:\/\/portedesperance.eu\/action-vin\/"},"modified":"2024-01-31T12:29:31","modified_gmt":"2024-01-31T12:29:31","slug":"action-vin","status":"publish","type":"page","link":"https:\/\/portedesperance.eu\/fr\/action-vin\/","title":{"rendered":"Action Vin"},"content":{"rendered":"<div class=\"fusion-fullwidth fullwidth-box fusion-builder-row-1 fusion-flex-container has-pattern-background has-mask-background nonhundred-percent-fullwidth non-hundred-percent-height-scrolling\" style=\"--awb-border-radius-top-left:0px;--awb-border-radius-top-right:0px;--awb-border-radius-bottom-right:0px;--awb-border-radius-bottom-left:0px;--awb-padding-top:240px;--awb-flex-wrap:wrap;\" ><div class=\"fusion-builder-row fusion-row fusion-flex-align-items-flex-start fusion-flex-content-wrap\" style=\"max-width:1216.8px;margin-left: calc(-4% \/ 2 );margin-right: calc(-4% \/ 2 );\"><div class=\"fusion-layout-column fusion_builder_column fusion-builder-column-0 fusion_builder_column_2_3 2_3 fusion-flex-column\" style=\"--awb-bg-size:cover;--awb-width-large:66.666666666667%;--awb-margin-top-large:0px;--awb-spacing-right-large:2.88%;--awb-margin-bottom-large:20px;--awb-spacing-left-large:2.88%;--awb-width-medium:100%;--awb-order-medium:0;--awb-spacing-right-medium:1.92%;--awb-spacing-left-medium:1.92%;--awb-width-small:100%;--awb-order-small:0;--awb-spacing-right-small:1.92%;--awb-spacing-left-small:1.92%;\"><div class=\"fusion-column-wrapper fusion-column-has-shadow fusion-flex-justify-content-flex-start fusion-content-layout-column\"><div class=\"fusion-text fusion-text-1\" style=\"--awb-line-height:1.5;\"><h2>Action Vin<\/h2>\n<p>Si vous avez \u00e9t\u00e9 invit\u00e9 au cours de l&rsquo;\u00e9t\u00e9 ces derni\u00e8res ann\u00e9es, vous avez certainement re\u00e7u une bonne bouteille de vin \u00e0 votre arriv\u00e9e. Nous sommes nous-m\u00eames de grands amateurs de ce vin. Pour le go\u00fbt, mais aussi parce qu&rsquo;il y a une histoire. Qu&rsquo;avons-nous fait ? Nous avons apport\u00e9 quelques palettes de vin aux Pays-Bas pour vous permettre d&rsquo;en profiter cette ann\u00e9e :<\/p>\n<ul>\n<li>Donnez \u00e0 vos invit\u00e9s un go\u00fbt de soleil fran\u00e7ais, au sens propre comme au sens figur\u00e9.<\/li>\n<li>\u00catre capable d&rsquo;engager une conversation sur la foi ou le vin ou les deux<\/li>\n<li>Offrez un cadeau unique \u00e0 vos employ\u00e9s ou associ\u00e9s.<\/li>\n<li>Ou simplement d\u00e9guster un bon vin !<\/li>\n<\/ul>\n<p>Ce vin provient d&rsquo;un viticulteur fran\u00e7ais chr\u00e9tien, le Ch\u00e2teau Gu\u00e9ry, et nous sommes donc tr\u00e8s heureux de pouvoir l&rsquo;offrir \u00e0 nos invit\u00e9s.<\/p>\n<p>Ce d\u00e9licieux vin rouge est vendu \u00e0 la pi\u00e8ce ou en carton de 6 pi\u00e8ces.<br \/>Le prix est de 15 euros par bouteille ou de 90 euros par carton. En outre, en passant commande, vous recevrez en cadeau notre tout nouveau magazine !<\/p>\n<p>La totalit\u00e9 de cette somme est consacr\u00e9e \u00e0 la fondation et \u00e0 l&rsquo;\u00e9dification de la communaut\u00e9 de foi en France.<\/p>\n<\/div><\/div><\/div><div class=\"fusion-layout-column fusion_builder_column fusion-builder-column-1 fusion_builder_column_1_3 1_3 fusion-flex-column\" style=\"--awb-bg-size:cover;--awb-width-large:33.333333333333%;--awb-margin-top-large:0px;--awb-spacing-right-large:5.76%;--awb-margin-bottom-large:20px;--awb-spacing-left-large:5.76%;--awb-width-medium:100%;--awb-order-medium:0;--awb-spacing-right-medium:1.92%;--awb-spacing-left-medium:1.92%;--awb-width-small:100%;--awb-order-small:0;--awb-spacing-right-small:1.92%;--awb-spacing-left-small:1.92%;\"><div class=\"fusion-column-wrapper fusion-column-has-shadow fusion-flex-justify-content-flex-start fusion-content-layout-column\"><div style=\"text-align:center;\"><a class=\"fusion-button button-flat button-xlarge button-default fusion-button-default button-1 fusion-button-default-span fusion-button-default-type\" target=\"_blank\" rel=\"noopener noreferrer\" href=\"https:\/\/forms.office.com\/r\/ML8dk3Bdsx \"><span class=\"fusion-button-text awb-button__text awb-button__text--default\">Commander ici<\/span><\/a><\/div><div class=\"fusion-image-element \" style=\"text-align:center;--awb-margin-top:40px;--awb-caption-title-font-family:var(--h2_typography-font-family);--awb-caption-title-font-weight:var(--h2_typography-font-weight);--awb-caption-title-font-style:var(--h2_typography-font-style);--awb-caption-title-size:var(--h2_typography-font-size);--awb-caption-title-transform:var(--h2_typography-text-transform);--awb-caption-title-line-height:var(--h2_typography-line-height);--awb-caption-title-letter-spacing:var(--h2_typography-letter-spacing);\"><span class=\" fusion-imageframe imageframe-none imageframe-1 hover-type-none\"><img decoding=\"async\" width=\"300\" height=\"200\" title=\"f69c2452-cc66-3205-2798-d72dce39096c\" src=\"https:\/\/portedesperance.eu\/wp-content\/uploads\/2024\/01\/f69c2452-cc66-3205-2798-d72dce39096c.jpeg\" data-orig-src=\"http:\/\/portedesperance.eu\/wp-content\/uploads\/2024\/01\/f69c2452-cc66-3205-2798-d72dce39096c-300x200.jpeg\" alt class=\"lazyload img-responsive wp-image-4092\" srcset=\"data:image\/svg+xml,%3Csvg%20xmlns%3D%27http%3A%2F%2Fwww.w3.org%2F2000%2Fsvg%27%20width%3D%27640%27%20height%3D%27427%27%20viewBox%3D%270%200%20640%20427%27%3E%3Crect%20width%3D%27640%27%20height%3D%27427%27%20fill-opacity%3D%220%22%2F%3E%3C%2Fsvg%3E\" data-srcset=\"https:\/\/portedesperance.eu\/wp-content\/uploads\/2024\/01\/f69c2452-cc66-3205-2798-d72dce39096c-200x133.jpeg 200w, https:\/\/portedesperance.eu\/wp-content\/uploads\/2024\/01\/f69c2452-cc66-3205-2798-d72dce39096c-400x267.jpeg 400w, https:\/\/portedesperance.eu\/wp-content\/uploads\/2024\/01\/f69c2452-cc66-3205-2798-d72dce39096c-600x400.jpeg 600w, https:\/\/portedesperance.eu\/wp-content\/uploads\/2024\/01\/f69c2452-cc66-3205-2798-d72dce39096c.jpeg 640w\" data-sizes=\"auto\" data-orig-sizes=\"(max-width: 1024px) 100vw, (max-width: 640px) 100vw, 400px\" \/><\/span><\/div><\/div><\/div><\/div><\/div>\n","protected":false},"excerpt":{"rendered":"","protected":false},"author":6,"featured_media":0,"parent":0,"menu_order":0,"comment_status":"closed","ping_status":"closed","template":"100-width.php","meta":{"_acf_changed":false,"om_disable_all_campaigns":false,"_monsterinsights_skip_tracking":false,"_monsterinsights_sitenote_active":false,"_monsterinsights_sitenote_note":"","_monsterinsights_sitenote_category":0,"footnotes":""},"class_list":["post-4083","page","type-page","status-publish","hentry"],"acf":[],"yoast_head":"<!-- This site is optimized with the Yoast SEO plugin v26.9 - https:\/\/yoast.com\/product\/yoast-seo-wordpress\/ -->\n<title>Action Vin - Porte d&#039;Esp\u00e9rance<\/title>\n<meta name=\"robots\" content=\"index, follow, max-snippet:-1, max-image-preview:large, max-video-preview:-1\" \/>\n<link rel=\"canonical\" href=\"https:\/\/portedesperance.eu\/fr\/action-vin\/\" \/>\n<meta property=\"og:locale\" content=\"fr_FR\" \/>\n<meta property=\"og:type\" content=\"article\" \/>\n<meta property=\"og:title\" content=\"Action Vin - Porte d&#039;Esp\u00e9rance\" \/>\n<meta property=\"og:url\" content=\"https:\/\/portedesperance.eu\/fr\/action-vin\/\" \/>\n<meta property=\"og:site_name\" content=\"Porte d&#039;Esp\u00e9rance\" \/>\n<meta property=\"article:modified_time\" content=\"2024-01-31T12:29:31+00:00\" \/>\n<meta property=\"og:image\" content=\"https:\/\/portedesperance.eu\/wp-content\/uploads\/2023\/01\/P1050905.jpg\" \/>\n\t<meta property=\"og:image:width\" content=\"2048\" \/>\n\t<meta property=\"og:image:height\" content=\"1536\" \/>\n\t<meta property=\"og:image:type\" content=\"image\/jpeg\" \/>\n<meta name=\"twitter:card\" content=\"summary_large_image\" \/>\n<meta name=\"twitter:label1\" content=\"Dur\u00e9e de lecture estim\u00e9e\" \/>\n\t<meta name=\"twitter:data1\" content=\"5 minutes\" \/>\n<script type=\"application\/ld+json\" class=\"yoast-schema-graph\">{\"@context\":\"https:\/\/schema.org\",\"@graph\":[{\"@type\":\"WebPage\",\"@id\":\"https:\/\/portedesperance.eu\/fr\/action-vin\/\",\"url\":\"https:\/\/portedesperance.eu\/fr\/action-vin\/\",\"name\":\"Action Vin - Porte d&#039;Esp\u00e9rance\",\"isPartOf\":{\"@id\":\"https:\/\/portedesperance.eu\/fr\/#website\"},\"datePublished\":\"2024-01-02T11:37:27+00:00\",\"dateModified\":\"2024-01-31T12:29:31+00:00\",\"breadcrumb\":{\"@id\":\"https:\/\/portedesperance.eu\/fr\/action-vin\/#breadcrumb\"},\"inLanguage\":\"fr-FR\",\"potentialAction\":[{\"@type\":\"ReadAction\",\"target\":[\"https:\/\/portedesperance.eu\/fr\/action-vin\/\"]}]},{\"@type\":\"BreadcrumbList\",\"@id\":\"https:\/\/portedesperance.eu\/fr\/action-vin\/#breadcrumb\",\"itemListElement\":[{\"@type\":\"ListItem\",\"position\":1,\"name\":\"Home\",\"item\":\"https:\/\/portedesperance.eu\/fr\/portedesperance\/\"},{\"@type\":\"ListItem\",\"position\":2,\"name\":\"Action Vin\"}]},{\"@type\":\"WebSite\",\"@id\":\"https:\/\/portedesperance.eu\/fr\/#website\",\"url\":\"https:\/\/portedesperance.eu\/fr\/\",\"name\":\"Porte d Esperance\",\"description\":\"Vrienden van Porte d&#039;Esp\u00e9rance\",\"publisher\":{\"@id\":\"https:\/\/portedesperance.eu\/fr\/#organization\"},\"potentialAction\":[{\"@type\":\"SearchAction\",\"target\":{\"@type\":\"EntryPoint\",\"urlTemplate\":\"https:\/\/portedesperance.eu\/fr\/?s={search_term_string}\"},\"query-input\":{\"@type\":\"PropertyValueSpecification\",\"valueRequired\":true,\"valueName\":\"search_term_string\"}}],\"inLanguage\":\"fr-FR\"},{\"@type\":\"Organization\",\"@id\":\"https:\/\/portedesperance.eu\/fr\/#organization\",\"name\":\"Porte d Esperance\",\"url\":\"https:\/\/portedesperance.eu\/fr\/\",\"logo\":{\"@type\":\"ImageObject\",\"inLanguage\":\"fr-FR\",\"@id\":\"https:\/\/portedesperance.eu\/fr\/#\/schema\/logo\/image\/\",\"url\":\"https:\/\/portedesperance.eu\/wp-content\/uploads\/2023\/01\/LOGO_Porte-desperance_tekstblok_groen.png\",\"contentUrl\":\"https:\/\/portedesperance.eu\/wp-content\/uploads\/2023\/01\/LOGO_Porte-desperance_tekstblok_groen.png\",\"width\":400,\"height\":239,\"caption\":\"Porte d Esperance\"},\"image\":{\"@id\":\"https:\/\/portedesperance.eu\/fr\/#\/schema\/logo\/image\/\"}}]}<\/script>\n<!-- \/ Yoast SEO plugin. -->","yoast_head_json":{"title":"Action Vin - Porte d&#039;Esp\u00e9rance","robots":{"index":"index","follow":"follow","max-snippet":"max-snippet:-1","max-image-preview":"max-image-preview:large","max-video-preview":"max-video-preview:-1"},"canonical":"https:\/\/portedesperance.eu\/fr\/action-vin\/","og_locale":"fr_FR","og_type":"article","og_title":"Action Vin - Porte d&#039;Esp\u00e9rance","og_url":"https:\/\/portedesperance.eu\/fr\/action-vin\/","og_site_name":"Porte d&#039;Esp\u00e9rance","article_modified_time":"2024-01-31T12:29:31+00:00","og_image":[{"width":2048,"height":1536,"url":"https:\/\/portedesperance.eu\/wp-content\/uploads\/2023\/01\/P1050905.jpg","type":"image\/jpeg"}],"twitter_card":"summary_large_image","twitter_misc":{"Dur\u00e9e de lecture estim\u00e9e":"5 minutes"},"schema":{"@context":"https:\/\/schema.org","@graph":[{"@type":"WebPage","@id":"https:\/\/portedesperance.eu\/fr\/action-vin\/","url":"https:\/\/portedesperance.eu\/fr\/action-vin\/","name":"Action Vin - Porte d&#039;Esp\u00e9rance","isPartOf":{"@id":"https:\/\/portedesperance.eu\/fr\/#website"},"datePublished":"2024-01-02T11:37:27+00:00","dateModified":"2024-01-31T12:29:31+00:00","breadcrumb":{"@id":"https:\/\/portedesperance.eu\/fr\/action-vin\/#breadcrumb"},"inLanguage":"fr-FR","potentialAction":[{"@type":"ReadAction","target":["https:\/\/portedesperance.eu\/fr\/action-vin\/"]}]},{"@type":"BreadcrumbList","@id":"https:\/\/portedesperance.eu\/fr\/action-vin\/#breadcrumb","itemListElement":[{"@type":"ListItem","position":1,"name":"Home","item":"https:\/\/portedesperance.eu\/fr\/portedesperance\/"},{"@type":"ListItem","position":2,"name":"Action Vin"}]},{"@type":"WebSite","@id":"https:\/\/portedesperance.eu\/fr\/#website","url":"https:\/\/portedesperance.eu\/fr\/","name":"Porte d Esperance","description":"Vrienden van Porte d&#039;Esp\u00e9rance","publisher":{"@id":"https:\/\/portedesperance.eu\/fr\/#organization"},"potentialAction":[{"@type":"SearchAction","target":{"@type":"EntryPoint","urlTemplate":"https:\/\/portedesperance.eu\/fr\/?s={search_term_string}"},"query-input":{"@type":"PropertyValueSpecification","valueRequired":true,"valueName":"search_term_string"}}],"inLanguage":"fr-FR"},{"@type":"Organization","@id":"https:\/\/portedesperance.eu\/fr\/#organization","name":"Porte d Esperance","url":"https:\/\/portedesperance.eu\/fr\/","logo":{"@type":"ImageObject","inLanguage":"fr-FR","@id":"https:\/\/portedesperance.eu\/fr\/#\/schema\/logo\/image\/","url":"https:\/\/portedesperance.eu\/wp-content\/uploads\/2023\/01\/LOGO_Porte-desperance_tekstblok_groen.png","contentUrl":"https:\/\/portedesperance.eu\/wp-content\/uploads\/2023\/01\/LOGO_Porte-desperance_tekstblok_groen.png","width":400,"height":239,"caption":"Porte d Esperance"},"image":{"@id":"https:\/\/portedesperance.eu\/fr\/#\/schema\/logo\/image\/"}}]}},"_links":{"self":[{"href":"https:\/\/portedesperance.eu\/fr\/wp-json\/wp\/v2\/pages\/4083","targetHints":{"allow":["GET"]}}],"collection":[{"href":"https:\/\/portedesperance.eu\/fr\/wp-json\/wp\/v2\/pages"}],"about":[{"href":"https:\/\/portedesperance.eu\/fr\/wp-json\/wp\/v2\/types\/page"}],"author":[{"embeddable":true,"href":"https:\/\/portedesperance.eu\/fr\/wp-json\/wp\/v2\/users\/6"}],"replies":[{"embeddable":true,"href":"https:\/\/portedesperance.eu\/fr\/wp-json\/wp\/v2\/comments?post=4083"}],"version-history":[{"count":9,"href":"https:\/\/portedesperance.eu\/fr\/wp-json\/wp\/v2\/pages\/4083\/revisions"}],"predecessor-version":[{"id":4198,"href":"https:\/\/portedesperance.eu\/fr\/wp-json\/wp\/v2\/pages\/4083\/revisions\/4198"}],"wp:attachment":[{"href":"https:\/\/portedesperance.eu\/fr\/wp-json\/wp\/v2\/media?parent=4083"}],"curies":[{"name":"wp","href":"https:\/\/api.w.org\/{rel}","templated":true}]}}