{"id":3421,"date":"2016-08-10T08:51:14","date_gmt":"2016-08-10T08:51:14","guid":{"rendered":"https:\/\/portedesperance.eu\/activites\/"},"modified":"2024-06-17T18:18:44","modified_gmt":"2024-06-17T18:18:44","slug":"activites","status":"publish","type":"page","link":"https:\/\/portedesperance.eu\/fr\/activites\/","title":{"rendered":"Activit\u00e9s"},"content":{"rendered":"<p><div class=\"fusion-fullwidth fullwidth-box fusion-builder-row-1 fusion-flex-container hundred-percent-fullwidth non-hundred-percent-height-scrolling\" style=\"--awb-background-position:left top;--awb-border-sizes-top:0px;--awb-border-sizes-bottom:0px;--awb-border-sizes-left:0px;--awb-border-sizes-right:0px;--awb-border-radius-top-left:0px;--awb-border-radius-top-right:0px;--awb-border-radius-bottom-right:0px;--awb-border-radius-bottom-left:0px;--awb-padding-top:0px;--awb-padding-right:0px;--awb-padding-bottom:0px;--awb-padding-left:0px;--awb-flex-wrap:wrap;\" ><div class=\"fusion-builder-row fusion-row fusion-flex-align-items-stretch fusion-flex-content-wrap\" style=\"width:104% !important;max-width:104% !important;margin-left: calc(-4% \/ 2 );margin-right: calc(-4% \/ 2 );\"><div class=\"fusion-layout-column fusion_builder_column fusion-builder-column-0 fusion_builder_column_1_2 1_2 fusion-flex-column\" style=\"--awb-padding-top:100px;--awb-padding-right:10%;--awb-padding-bottom:100px;--awb-padding-left:10%;--awb-bg-blend:overlay;--awb-bg-size:cover;--awb-width-large:50%;--awb-margin-top-large:0px;--awb-spacing-right-large:3.84%;--awb-margin-bottom-large:0px;--awb-spacing-left-large:3.84%;--awb-width-medium:100%;--awb-spacing-right-medium:1.92%;--awb-spacing-left-medium:1.92%;--awb-width-small:100%;--awb-spacing-right-small:1.92%;--awb-spacing-left-small:1.92%;\"><div class=\"fusion-column-wrapper fusion-flex-justify-content-flex-start fusion-content-layout-column\"><div class=\"fusion-separator fusion-full-width-sep fusion-hide-on-mobile\" style=\"align-self: center;margin-left: auto;margin-right: auto;margin-top:50px;width:100%;\"><\/div><div class=\"fusion-title title fusion-title-1 fusion-sep-none fusion-title-text fusion-title-size-two\"><h2 class=\"fusion-title-heading title-heading-left\" style=\"margin:0;text-transform:uppercase;line-height:1;\">PARTICIPER \u00c0 NOS ACTIVIT\u00c9S<\/h2><\/div><div class=\"fusion-separator\" style=\"align-self: flex-start;margin-right:auto;margin-top:0px;margin-bottom:40px;width:100%;max-width:200px;\"><div class=\"fusion-separator-border sep-single sep-solid\" style=\"--awb-height:20px;--awb-amount:20px;--awb-sep-color:var(--awb-color4);border-color:var(--awb-color4);border-top-width:3px;\"><\/div><\/div><div class=\"fusion-text fusion-text-1\"><p style=\"font-size: 18px;\" data-fusion-font=\"true\">Avec nos activit\u00e9s, nous voulons inviter les visiteurs \u00e0 r\u00e9pondre \u00e0 l&rsquo;invitation de Dieu. Pour revivre, pour grandir dans la foi et dans l&rsquo;amour de Dieu. Toute la bont\u00e9 vient de Lui. Dieu est bon. Avec des activit\u00e9s et des programmes cibl\u00e9s, nous vous invitons \u00e0 rencontrer notre P\u00e8re c\u00e9leste et \u00e0 recevoir du bien de sa part. N&rsquo;oubliez donc pas de vous inscrire \u00e0 l&rsquo;un de nos \u00e9v\u00e9nements !<\/p>\n<p style=\"font-size: 18px;\" data-fusion-font=\"true\">Mais vous pouvez aussi faire en sorte que d&rsquo;autres puissent recevoir de Dieu en organisant une activit\u00e9 ou en apportant vous-m\u00eame votre aide. Si c&rsquo;est le cas, n&rsquo;h\u00e9sitez pas \u00e0 nous le faire savoir !<\/p>\n<\/div><div class=\"fusion-separator fusion-full-width-sep\" style=\"align-self: center;margin-left: auto;margin-right: auto;margin-top:5px;width:100%;\"><\/div><div class=\"fusion-text fusion-text-2\"><\/div><div class=\"fusion-separator fusion-full-width-sep\" style=\"align-self: center;margin-left: auto;margin-right: auto;margin-top:25px;width:100%;\"><\/div><\/div><\/div><div class=\"fusion-layout-column fusion_builder_column fusion-builder-column-1 fusion_builder_column_1_2 1_2 fusion-flex-column\" style=\"--awb-padding-top:20px;--awb-padding-right:0px;--awb-padding-bottom:100px;--awb-padding-left:136px;--awb-bg-position:center center;--awb-bg-blend:overlay;--awb-bg-size:cover;--awb-width-large:50%;--awb-margin-top-large:0px;--awb-spacing-right-large:3.84%;--awb-margin-bottom-large:0px;--awb-spacing-left-large:0%;--awb-width-medium:100%;--awb-order-medium:0;--awb-spacing-right-medium:1.92%;--awb-spacing-left-medium:1.92%;--awb-width-small:100%;--awb-order-small:0;--awb-spacing-right-small:1.92%;--awb-spacing-left-small:1.92%;\"><div class=\"fusion-column-wrapper lazyload fusion-column-has-shadow fusion-flex-justify-content-flex-start fusion-content-layout-column fusion-column-has-bg-image\" data-bg-url=\"http:\/\/portedesperance.eu\/wp-content\/uploads\/2022\/10\/Cantignergues-2020-klein-8.jpg\" data-bg=\"http:\/\/portedesperance.eu\/wp-content\/uploads\/2022\/10\/Cantignergues-2020-klein-8.jpg\"><div class=\"fusion-separator fusion-full-width-sep\" style=\"align-self: center;margin-left: auto;margin-right: auto;margin-top:350px;width:100%;\"><\/div><\/div><\/div><\/div><\/div><div class=\"fusion-fullwidth fullwidth-box fusion-builder-row-2 fusion-flex-container hundred-percent-fullwidth non-hundred-percent-height-scrolling\" style=\"--awb-background-position:left top;--awb-border-sizes-top:0px;--awb-border-sizes-bottom:0px;--awb-border-sizes-left:0px;--awb-border-sizes-right:0px;--awb-border-radius-top-left:0px;--awb-border-radius-top-right:0px;--awb-border-radius-bottom-right:0px;--awb-border-radius-bottom-left:0px;--awb-padding-top:91px;--awb-padding-right:5.5%;--awb-padding-bottom:77px;--awb-padding-left:5.5%;--awb-flex-wrap:wrap;\" ><div class=\"fusion-builder-row fusion-row fusion-flex-align-items-flex-start fusion-flex-content-wrap\" style=\"width:calc( 100% + 0px ) !important;max-width:calc( 100% + 0px ) !important;margin-left: calc(-0px \/ 2 );margin-right: calc(-0px \/ 2 );\"><div class=\"fusion-layout-column fusion_builder_column fusion-builder-column-2 fusion_builder_column_1_1 1_1 fusion-flex-column\" style=\"--awb-bg-blend:overlay;--awb-bg-size:cover;--awb-width-large:100%;--awb-margin-top-large:0px;--awb-spacing-right-large:0px;--awb-margin-bottom-large:20px;--awb-spacing-left-large:0px;--awb-width-medium:100%;--awb-spacing-right-medium:0px;--awb-spacing-left-medium:0px;--awb-width-small:100%;--awb-spacing-right-small:0px;--awb-spacing-left-small:0px;\"><div class=\"fusion-column-wrapper fusion-flex-justify-content-flex-start fusion-content-layout-column\"><div class=\"fusion-title title fusion-title-2 fusion-sep-none fusion-title-center fusion-title-text fusion-title-size-two\"><h2 class=\"fusion-title-heading title-heading-center\" style=\"margin:0;text-transform:uppercase;line-height:1;\">Activit\u00e9s<\/h2><\/div><div class=\"fusion-separator\" style=\"align-self: center;margin-left: auto;margin-right: auto;margin-top:0px;margin-bottom:40px;width:100%;max-width:200px;\"><div class=\"fusion-separator-border sep-single sep-solid\" style=\"--awb-height:20px;--awb-amount:20px;--awb-sep-color:var(--awb-color4);border-color:var(--awb-color4);border-top-width:3px;\"><\/div><\/div><div class=\"fusion-events-shortcode fusion-events-shortcode-1 fusion-events-pagination-infinite\" style=\"margin-left: -20px;margin-right: -20px;\"><div class=\"fusion-events-wrapper\" data-pages=\"1\"><div class=\"fusion-events-post fusion-spacing-no fusion-one-half fusion-layout-column\" style=\"padding:20px\"><div class=\"fusion-column-wrapper\"><div class=\"fusion-events-thumbnail hover-type-none\"><a href=\"https:\/\/portedesperance.eu\/fr\/event\/vivre-avec-dieu-en-france\/\" class=\"url\" rel=\"bookmark\" aria-label=\"Vivre avec Dieu en France !\"><span class=\"tribe-events-event-image\" style=\"background-image: url(https:\/\/portedesperance.eu\/wp-content\/uploads\/2022\/12\/Cantignergues-2020-klein-20.jpg); -webkit-background-size: cover; background-size: cover; background-position: center center;\"><\/span><\/a><\/div><div class=\"fusion-events-content-wrapper\" style=\"padding:20px 20px 20px 20px;\"><div class=\"fusion-events-meta\"><h2><a href=\"https:\/\/portedesperance.eu\/fr\/event\/vivre-avec-dieu-en-france\/\" class=\"url\" rel=\"bookmark\">Vivre avec Dieu en France !<\/a><\/h2><h4><span class=\"tribe-event-date-start\">ao\u00fbt 1, 2025<\/span> - <span class=\"tribe-event-date-end\">ao\u00fbt 22, 2025<\/span><\/h4><\/div><\/div><\/div><\/div><div class=\"fusion-events-post fusion-spacing-no fusion-one-half fusion-layout-column fusion-column-last\" style=\"padding:20px\"><div class=\"fusion-column-wrapper\"><div class=\"fusion-events-thumbnail hover-type-none\"><a href=\"https:\/\/portedesperance.eu\/fr\/event\/retraite-2023\/\" class=\"url\" rel=\"bookmark\" aria-label=\"Activit\u00e9s d&rsquo;\u00e9t\u00e9 2024 aux Villages Tamaris\"><span class=\"tribe-events-event-image\" style=\"background-image: url(https:\/\/portedesperance.eu\/wp-content\/uploads\/2022\/09\/Cantignergues-2020-klein-2.jpg); -webkit-background-size: cover; background-size: cover; background-position: center center;\"><\/span><\/a><\/div><div class=\"fusion-events-content-wrapper\" style=\"padding:20px 20px 20px 20px;\"><div class=\"fusion-events-meta\"><h2><a href=\"https:\/\/portedesperance.eu\/fr\/event\/retraite-2023\/\" class=\"url\" rel=\"bookmark\">Activit\u00e9s d&rsquo;\u00e9t\u00e9 2024 aux Villages Tamaris<\/a><\/h2><h4><span class=\"tribe-event-date-start\">juillet 17<\/span> - <span class=\"tribe-event-date-end\">ao\u00fbt 21<\/span><\/h4><\/div><\/div><\/div><\/div><\/div><\/div><\/div><\/div><\/div><\/div><div id=\"link\" class=\"fusion-container-anchor\"><div class=\"fusion-fullwidth fullwidth-box fusion-builder-row-3 fusion-flex-container has-pattern-background has-mask-background fusion-parallax-none nonhundred-percent-fullwidth non-hundred-percent-height-scrolling lazyload\" style=\"--awb-border-sizes-top:0px;--awb-border-sizes-bottom:0px;--awb-border-sizes-left:0px;--awb-border-sizes-right:0px;--awb-border-radius-top-left:0px;--awb-border-radius-top-right:0px;--awb-border-radius-bottom-right:0px;--awb-border-radius-bottom-left:0px;--awb-padding-top:150px;--awb-padding-bottom:150px;--awb-background-size:cover;--awb-flex-wrap:wrap;\" data-bg=\"http:\/\/portedesperance.eu\/wp-content\/uploads\/2022\/09\/travel-landscape-13-e1664018048192.png\" ><div class=\"fusion-builder-row fusion-row fusion-flex-align-items-flex-start fusion-flex-content-wrap\" style=\"max-width:calc( 1170px + 0px );margin-left: calc(-0px \/ 2 );margin-right: calc(-0px \/ 2 );\"><div class=\"fusion-layout-column fusion_builder_column fusion-builder-column-3 fusion_builder_column_1_1 1_1 fusion-flex-column\" style=\"--awb-padding-right:11%;--awb-padding-left:11%;--awb-bg-blend:overlay;--awb-bg-size:cover;--awb-width-large:100%;--awb-margin-top-large:0px;--awb-spacing-right-large:0px;--awb-margin-bottom-large:20px;--awb-spacing-left-large:0px;--awb-width-medium:100%;--awb-spacing-right-medium:0px;--awb-spacing-left-medium:0px;--awb-width-small:100%;--awb-spacing-right-small:0px;--awb-spacing-left-small:0px;\"><div class=\"fusion-column-wrapper fusion-flex-justify-content-flex-start fusion-content-layout-column\"><div class=\"fusion-title title fusion-title-3 fusion-sep-none fusion-title-center fusion-title-text fusion-title-size-two\" style=\"--awb-text-color:var(--awb-color1);\"><h2 class=\"fusion-title-heading title-heading-center\" style=\"margin:0;text-transform:uppercase;line-height:1;\">Restez \u00e0 l&rsquo;\u00e9coute<\/h2><\/div><div class=\"fusion-separator\" style=\"align-self: center;margin-left: auto;margin-right: auto;margin-top:0px;margin-bottom:40px;width:100%;max-width:200px;\"><div class=\"fusion-separator-border sep-single sep-solid\" style=\"--awb-height:20px;--awb-amount:20px;--awb-sep-color:var(--awb-color4);border-color:var(--awb-color4);border-top-width:3px;\"><\/div><\/div><div class=\"fusion-form fusion-form-builder fusion-form-form-wrapper fusion-form-3537\" style=\"--awb-tooltip-text-color:#ffffff;--awb-tooltip-background-color:#333333;\" data-form-id=\"3537\" data-config=\"{&quot;form_id&quot;:3537,&quot;form_post_id&quot;:3537,&quot;post_id&quot;:3250,&quot;form_type&quot;:&quot;ajax&quot;,&quot;confirmation_type&quot;:&quot;message&quot;,&quot;redirect_url&quot;:&quot;&quot;,&quot;redirect_timeout&quot;:&quot;0&quot;,&quot;field_labels&quot;:{&quot;Naam&quot;:&quot;&quot;,&quot;email_address&quot;:&quot;&quot;},&quot;field_logics&quot;:{&quot;Naam&quot;:&quot;&quot;,&quot;email_address&quot;:&quot;&quot;,&quot;notice_1&quot;:&quot;&quot;,&quot;submit_1&quot;:&quot;&quot;},&quot;field_types&quot;:{&quot;Naam&quot;:&quot;text&quot;,&quot;email_address&quot;:&quot;email&quot;,&quot;notice_1&quot;:&quot;notice&quot;,&quot;submit_1&quot;:&quot;submit&quot;},&quot;nonce_method&quot;:&quot;ajax&quot;,&quot;form_views&quot;:&quot;ajax&quot;,&quot;form_views_counting&quot;:&quot;all&quot;}\"><form action=\"https:\/\/portedesperance.eu\/fr\/event\/retraite-2023\/\" method=\"post\" class=\"fusion-form fusion-form-3537\"><div class=\"fusion-fullwidth fullwidth-box fusion-builder-row-3-1 fusion-flex-container nonhundred-percent-fullwidth non-hundred-percent-height-scrolling\" style=\"--awb-border-radius-top-left:0px;--awb-border-radius-top-right:0px;--awb-border-radius-bottom-right:0px;--awb-border-radius-bottom-left:0px;--awb-padding-top:0px;--awb-padding-right:0px;--awb-padding-bottom:0px;--awb-padding-left:0px;--awb-flex-wrap:wrap;\" ><div class=\"fusion-builder-row fusion-row fusion-flex-align-items-flex-start fusion-flex-content-wrap\" style=\"width:103% !important;max-width:103% !important;margin-left: calc(-3% \/ 2 );margin-right: calc(-3% \/ 2 );\"><div class=\"fusion-layout-column fusion_builder_column fusion-builder-column-4 fusion_builder_column_1_1 1_1 fusion-flex-column\" style=\"--awb-bg-size:cover;--awb-width-large:100%;--awb-flex-grow:0;--awb-flex-shrink:0;--awb-margin-top-large:0px;--awb-spacing-right-large:1.455%;--awb-margin-bottom-large:0px;--awb-spacing-left-large:1.455%;--awb-width-medium:100%;--awb-order-medium:0;--awb-flex-grow-medium:0;--awb-flex-shrink-medium:0;--awb-spacing-right-medium:1.455%;--awb-spacing-left-medium:1.455%;--awb-width-small:100%;--awb-order-small:0;--awb-flex-grow-small:0;--awb-flex-shrink-small:0;--awb-spacing-right-small:1.455%;--awb-spacing-left-small:1.455%;\"><div class=\"fusion-column-wrapper fusion-column-has-shadow fusion-flex-justify-content-flex-start fusion-content-layout-column\"><div class=\"fusion-form-field fusion-form-text-field fusion-form-label-above\" style=\"\" data-form-id=\"3537\"><input type=\"text\" autocomplete=\"off\" name=\"Naam\" id=\"Naam\" value=\"\"  class=\"fusion-form-input\" required=\"true\" aria-required=\"true\" placeholder=\"Nom *\" data-holds-private-data=\"false\" minlength=\"0\"\/><\/div><div class=\"fusion-form-field fusion-form-email-field fusion-form-label-above\" style=\"\" data-form-id=\"3537\"><input type=\"email\" autocomplete=\"off\" name=\"email_address\" id=\"email_address\" value=\"\"  class=\"fusion-form-input\" required=\"true\" aria-required=\"true\" placeholder=\"Adresse \u00e9lectronique *\" data-holds-private-data=\"false\"\/><\/div><div class=\"form-submission-notices data-notice_1\" id=\"fusion-notices-1\"><div class=\"fusion-alert alert success alert-success fusion-alert-center fusion-form-response fusion-form-response-success fusion-alert-capitalize awb-alert-native-link-color alert-dismissable awb-alert-close-boxed\" role=\"alert\"><div class=\"fusion-alert-content-wrapper\"><span class=\"alert-icon\"><i class=\"awb-icon-check-circle\" aria-hidden=\"true\"><\/i><\/span><span class=\"fusion-alert-content\">Thank you for your message. It has been sent.<\/span><\/div><button type=\"button\" class=\"close toggle-alert\" data-dismiss=\"alert\" aria-label=\"Close\">&times;<\/button><\/div><div class=\"fusion-alert alert error alert-danger fusion-alert-center fusion-form-response fusion-form-response-error fusion-alert-capitalize awb-alert-native-link-color alert-dismissable awb-alert-close-boxed\" role=\"alert\"><div class=\"fusion-alert-content-wrapper\"><span class=\"alert-icon\"><i class=\"awb-icon-exclamation-triangle\" aria-hidden=\"true\"><\/i><\/span><span class=\"fusion-alert-content\">There was an error trying to send your message. Please try again later.<\/span><\/div><button type=\"button\" class=\"close toggle-alert\" data-dismiss=\"alert\" aria-label=\"Close\">&times;<\/button><\/div><\/div><div class=\"fusion-form-field fusion-form-submit-field fusion-form-label-above\" style=\"\" data-form-id=\"3537\"><div style=\"text-align:center;\"><button type=\"submit\" class=\"fusion-button button-flat button-medium button-default fusion-button-default button-1 fusion-button-span-yes  button-default form-form-submit\" data-form-number=\"3537\" tabindex=\"\"><span class=\"fusion-button-text awb-button__text awb-button__text--default\">Inschrijven Nieuwsbrief<\/span><\/button><\/div><\/div><\/div><\/div><\/div><\/div><input type=\"hidden\" name=\"fusion_privacy_store_ip_ua\" value=\"false\"><input type=\"hidden\" name=\"fusion_privacy_expiration_interval\" value=\"48\"><input type=\"hidden\" name=\"privacy_expiration_action\" value=\"anonymize\"><\/form><\/div><\/div><\/div><\/div><\/div><\/div>\n<\/p>\n","protected":false},"excerpt":{"rendered":"","protected":false},"author":1,"featured_media":0,"parent":0,"menu_order":0,"comment_status":"closed","ping_status":"closed","template":"100-width.php","meta":{"_acf_changed":false,"om_disable_all_campaigns":false,"_monsterinsights_skip_tracking":false,"_monsterinsights_sitenote_active":false,"_monsterinsights_sitenote_note":"","_monsterinsights_sitenote_category":0,"footnotes":""},"class_list":["post-3421","page","type-page","status-publish","hentry","cat_retraite-fr","cat_vacances"],"acf":[],"yoast_head":"<!-- This site is optimized with the Yoast SEO plugin v26.9 - https:\/\/yoast.com\/product\/yoast-seo-wordpress\/ -->\n<title>Activit\u00e9s - Porte d&#039;Esp\u00e9rance<\/title>\n<meta name=\"robots\" content=\"index, follow, max-snippet:-1, max-image-preview:large, max-video-preview:-1\" \/>\n<link rel=\"canonical\" href=\"https:\/\/portedesperance.eu\/fr\/activites\/\" \/>\n<meta property=\"og:locale\" content=\"fr_FR\" \/>\n<meta property=\"og:type\" content=\"article\" \/>\n<meta property=\"og:title\" content=\"Activit\u00e9s - Porte d&#039;Esp\u00e9rance\" \/>\n<meta property=\"og:url\" content=\"https:\/\/portedesperance.eu\/fr\/activites\/\" \/>\n<meta property=\"og:site_name\" content=\"Porte d&#039;Esp\u00e9rance\" \/>\n<meta property=\"article:modified_time\" content=\"2024-06-17T18:18:44+00:00\" \/>\n<meta property=\"og:image\" content=\"https:\/\/portedesperance.eu\/wp-content\/uploads\/2023\/01\/P1050905.jpg\" \/>\n\t<meta property=\"og:image:width\" content=\"2048\" \/>\n\t<meta property=\"og:image:height\" content=\"1536\" \/>\n\t<meta property=\"og:image:type\" content=\"image\/jpeg\" \/>\n<meta name=\"twitter:card\" content=\"summary_large_image\" \/>\n<meta name=\"twitter:label1\" content=\"Dur\u00e9e de lecture estim\u00e9e\" \/>\n\t<meta name=\"twitter:data1\" content=\"5 minutes\" \/>\n<script type=\"application\/ld+json\" class=\"yoast-schema-graph\">{\"@context\":\"https:\/\/schema.org\",\"@graph\":[{\"@type\":\"WebPage\",\"@id\":\"https:\/\/portedesperance.eu\/fr\/activites\/\",\"url\":\"https:\/\/portedesperance.eu\/fr\/activites\/\",\"name\":\"Activit\u00e9s - Porte d&#039;Esp\u00e9rance\",\"isPartOf\":{\"@id\":\"https:\/\/portedesperance.eu\/fr\/#website\"},\"datePublished\":\"2016-08-10T08:51:14+00:00\",\"dateModified\":\"2024-06-17T18:18:44+00:00\",\"breadcrumb\":{\"@id\":\"https:\/\/portedesperance.eu\/fr\/activites\/#breadcrumb\"},\"inLanguage\":\"fr-FR\",\"potentialAction\":[{\"@type\":\"ReadAction\",\"target\":[\"https:\/\/portedesperance.eu\/fr\/activites\/\"]}]},{\"@type\":\"BreadcrumbList\",\"@id\":\"https:\/\/portedesperance.eu\/fr\/activites\/#breadcrumb\",\"itemListElement\":[{\"@type\":\"ListItem\",\"position\":1,\"name\":\"Home\",\"item\":\"https:\/\/portedesperance.eu\/fr\/portedesperance\/\"},{\"@type\":\"ListItem\",\"position\":2,\"name\":\"Activit\u00e9s\"}]},{\"@type\":\"WebSite\",\"@id\":\"https:\/\/portedesperance.eu\/fr\/#website\",\"url\":\"https:\/\/portedesperance.eu\/fr\/\",\"name\":\"Porte d Esperance\",\"description\":\"Vrienden van Porte d&#039;Esp\u00e9rance\",\"publisher\":{\"@id\":\"https:\/\/portedesperance.eu\/fr\/#organization\"},\"potentialAction\":[{\"@type\":\"SearchAction\",\"target\":{\"@type\":\"EntryPoint\",\"urlTemplate\":\"https:\/\/portedesperance.eu\/fr\/?s={search_term_string}\"},\"query-input\":{\"@type\":\"PropertyValueSpecification\",\"valueRequired\":true,\"valueName\":\"search_term_string\"}}],\"inLanguage\":\"fr-FR\"},{\"@type\":\"Organization\",\"@id\":\"https:\/\/portedesperance.eu\/fr\/#organization\",\"name\":\"Porte d Esperance\",\"url\":\"https:\/\/portedesperance.eu\/fr\/\",\"logo\":{\"@type\":\"ImageObject\",\"inLanguage\":\"fr-FR\",\"@id\":\"https:\/\/portedesperance.eu\/fr\/#\/schema\/logo\/image\/\",\"url\":\"https:\/\/portedesperance.eu\/wp-content\/uploads\/2023\/01\/LOGO_Porte-desperance_tekstblok_groen.png\",\"contentUrl\":\"https:\/\/portedesperance.eu\/wp-content\/uploads\/2023\/01\/LOGO_Porte-desperance_tekstblok_groen.png\",\"width\":400,\"height\":239,\"caption\":\"Porte d Esperance\"},\"image\":{\"@id\":\"https:\/\/portedesperance.eu\/fr\/#\/schema\/logo\/image\/\"}}]}<\/script>\n<!-- \/ Yoast SEO plugin. -->","yoast_head_json":{"title":"Activit\u00e9s - Porte d&#039;Esp\u00e9rance","robots":{"index":"index","follow":"follow","max-snippet":"max-snippet:-1","max-image-preview":"max-image-preview:large","max-video-preview":"max-video-preview:-1"},"canonical":"https:\/\/portedesperance.eu\/fr\/activites\/","og_locale":"fr_FR","og_type":"article","og_title":"Activit\u00e9s - Porte d&#039;Esp\u00e9rance","og_url":"https:\/\/portedesperance.eu\/fr\/activites\/","og_site_name":"Porte d&#039;Esp\u00e9rance","article_modified_time":"2024-06-17T18:18:44+00:00","og_image":[{"width":2048,"height":1536,"url":"https:\/\/portedesperance.eu\/wp-content\/uploads\/2023\/01\/P1050905.jpg","type":"image\/jpeg"}],"twitter_card":"summary_large_image","twitter_misc":{"Dur\u00e9e de lecture estim\u00e9e":"5 minutes"},"schema":{"@context":"https:\/\/schema.org","@graph":[{"@type":"WebPage","@id":"https:\/\/portedesperance.eu\/fr\/activites\/","url":"https:\/\/portedesperance.eu\/fr\/activites\/","name":"Activit\u00e9s - Porte d&#039;Esp\u00e9rance","isPartOf":{"@id":"https:\/\/portedesperance.eu\/fr\/#website"},"datePublished":"2016-08-10T08:51:14+00:00","dateModified":"2024-06-17T18:18:44+00:00","breadcrumb":{"@id":"https:\/\/portedesperance.eu\/fr\/activites\/#breadcrumb"},"inLanguage":"fr-FR","potentialAction":[{"@type":"ReadAction","target":["https:\/\/portedesperance.eu\/fr\/activites\/"]}]},{"@type":"BreadcrumbList","@id":"https:\/\/portedesperance.eu\/fr\/activites\/#breadcrumb","itemListElement":[{"@type":"ListItem","position":1,"name":"Home","item":"https:\/\/portedesperance.eu\/fr\/portedesperance\/"},{"@type":"ListItem","position":2,"name":"Activit\u00e9s"}]},{"@type":"WebSite","@id":"https:\/\/portedesperance.eu\/fr\/#website","url":"https:\/\/portedesperance.eu\/fr\/","name":"Porte d Esperance","description":"Vrienden van Porte d&#039;Esp\u00e9rance","publisher":{"@id":"https:\/\/portedesperance.eu\/fr\/#organization"},"potentialAction":[{"@type":"SearchAction","target":{"@type":"EntryPoint","urlTemplate":"https:\/\/portedesperance.eu\/fr\/?s={search_term_string}"},"query-input":{"@type":"PropertyValueSpecification","valueRequired":true,"valueName":"search_term_string"}}],"inLanguage":"fr-FR"},{"@type":"Organization","@id":"https:\/\/portedesperance.eu\/fr\/#organization","name":"Porte d Esperance","url":"https:\/\/portedesperance.eu\/fr\/","logo":{"@type":"ImageObject","inLanguage":"fr-FR","@id":"https:\/\/portedesperance.eu\/fr\/#\/schema\/logo\/image\/","url":"https:\/\/portedesperance.eu\/wp-content\/uploads\/2023\/01\/LOGO_Porte-desperance_tekstblok_groen.png","contentUrl":"https:\/\/portedesperance.eu\/wp-content\/uploads\/2023\/01\/LOGO_Porte-desperance_tekstblok_groen.png","width":400,"height":239,"caption":"Porte d Esperance"},"image":{"@id":"https:\/\/portedesperance.eu\/fr\/#\/schema\/logo\/image\/"}}]}},"_links":{"self":[{"href":"https:\/\/portedesperance.eu\/fr\/wp-json\/wp\/v2\/pages\/3421","targetHints":{"allow":["GET"]}}],"collection":[{"href":"https:\/\/portedesperance.eu\/fr\/wp-json\/wp\/v2\/pages"}],"about":[{"href":"https:\/\/portedesperance.eu\/fr\/wp-json\/wp\/v2\/types\/page"}],"author":[{"embeddable":true,"href":"https:\/\/portedesperance.eu\/fr\/wp-json\/wp\/v2\/users\/1"}],"replies":[{"embeddable":true,"href":"https:\/\/portedesperance.eu\/fr\/wp-json\/wp\/v2\/comments?post=3421"}],"version-history":[{"count":6,"href":"https:\/\/portedesperance.eu\/fr\/wp-json\/wp\/v2\/pages\/3421\/revisions"}],"predecessor-version":[{"id":4335,"href":"https:\/\/portedesperance.eu\/fr\/wp-json\/wp\/v2\/pages\/3421\/revisions\/4335"}],"wp:attachment":[{"href":"https:\/\/portedesperance.eu\/fr\/wp-json\/wp\/v2\/media?parent=3421"}],"curies":[{"name":"wp","href":"https:\/\/api.w.org\/{rel}","templated":true}]}}