{"id":3106,"date":"2022-11-29T10:51:41","date_gmt":"2022-11-29T10:51:41","guid":{"rendered":"https:\/\/portedesperance.eu\/priez-avec-nous\/"},"modified":"2023-02-11T13:41:19","modified_gmt":"2023-02-11T13:41:19","slug":"priez-avec-nous","status":"publish","type":"page","link":"https:\/\/portedesperance.eu\/fr\/priez-avec-nous\/","title":{"rendered":"Priez"},"content":{"rendered":"<div class=\"fusion-fullwidth fullwidth-box fusion-builder-row-1 fusion-flex-container hundred-percent-fullwidth non-hundred-percent-height-scrolling\" style=\"--awb-background-position:left top;--awb-border-sizes-top:0px;--awb-border-sizes-bottom:0px;--awb-border-sizes-left:0px;--awb-border-sizes-right:0px;--awb-border-radius-top-left:0px;--awb-border-radius-top-right:0px;--awb-border-radius-bottom-right:0px;--awb-border-radius-bottom-left:0px;--awb-padding-top:120px;--awb-padding-right:0px;--awb-padding-bottom:0px;--awb-padding-left:0px;--awb-flex-wrap:wrap;\" ><div class=\"fusion-builder-row fusion-row fusion-flex-align-items-stretch fusion-flex-content-wrap\" style=\"width:calc( 100% + 0px ) !important;max-width:calc( 100% + 0px ) !important;margin-left: calc(-0px \/ 2 );margin-right: calc(-0px \/ 2 );\"><div class=\"fusion-layout-column fusion_builder_column fusion-builder-column-0 fusion_builder_column_2_3 2_3 fusion-flex-column\" style=\"--awb-padding-top:100px;--awb-padding-right:10%;--awb-padding-bottom:100px;--awb-padding-left:10%;--awb-bg-color:var(--awb-color2);--awb-bg-color-hover:var(--awb-color2);--awb-bg-size:cover;--awb-width-large:66.666666666667%;--awb-margin-top-large:0px;--awb-spacing-right-large:0px;--awb-margin-bottom-large:0px;--awb-spacing-left-large:0px;--awb-width-medium:100%;--awb-spacing-right-medium:0px;--awb-spacing-left-medium:0px;--awb-width-small:100%;--awb-spacing-right-small:0px;--awb-spacing-left-small:0px;\"><div class=\"fusion-column-wrapper fusion-flex-justify-content-center fusion-content-layout-column\"><div class=\"fusion-title title fusion-title-1 fusion-sep-none fusion-title-text fusion-title-size-two\"><h2 class=\"fusion-title-heading title-heading-left\" style=\"margin:0;text-transform:uppercase;line-height:1;\">priez avec nous<\/h2><\/div><div class=\"fusion-separator\" style=\"align-self: flex-start;margin-right:auto;margin-top:0px;margin-bottom:40px;width:100%;max-width:200px;\"><div class=\"fusion-separator-border sep-single sep-solid\" style=\"--awb-height:20px;--awb-amount:20px;--awb-sep-color:var(--awb-color4);border-color:var(--awb-color4);border-top-width:3px;\"><\/div><\/div><div class=\"fusion-text fusion-text-1\"><p><span style=\"font-size: 18px;\" data-fusion-font=\"true\">Le renouvellement du Christianisme ne vient que lorsque J\u00e9sus-Christ nous donne une nouvelle vie. Il est la source de toute vie. Tout le bien vient de Lui. Et c&rsquo;est Lui qui est capable de faire infiniment plus que ce que nous demandons ou pensons (Eph\u00e9siens 3:20). Nous prions pour que Dieu puisse faire son \u0153uvre \u00e0 Porte d&rsquo;Esp\u00e9rance et que ce lieu soit utilis\u00e9 et adapt\u00e9 pour l&rsquo;honneur et la gloire de son Nom. <br \/><\/span><\/p>\n<p><span style=\"font-size: 18px;\" data-fusion-font=\"true\">Nous prions :<\/span><\/p>\n<ul>\n<li><span style=\"font-size: 18px;\" data-fusion-font=\"true\">pour<\/span> <b style=\"font-size: 18px;\" data-fusion-font=\"true\">le renouvellement chr\u00e9tien dans le sud de la France,<\/b> <span style=\"font-size: 18px;\" data-fusion-font=\"true\">\u00e0 l&rsquo;int\u00e9rieur et \u00e0 l&rsquo;ext\u00e9rieur de l&rsquo;\u00c9glise<\/span><\/li>\n<li><span style=\"font-size: 18px;\" data-fusion-font=\"true\">pour une direction Divine<\/span><b style=\"font-size: 18px;\" data-fusion-font=\"true\">, pour sagesse et faveur <\/b><span style=\"font-size: 18px;\" data-fusion-font=\"true\">dans tout ce que nous faisons<\/span><\/li>\n<li><span style=\"font-size: 18px;\" data-fusion-font=\"true\">pour <\/span><b style=\"font-size: 18px;\" data-fusion-font=\"true\">nombreux invit\u00e9s<\/b><span style=\"font-size: 18px;\" data-fusion-font=\"true\"> et que ceux-ci puissent avoir une rencontre profonde avec Dieu<\/span><\/li>\n<li><span style=\"font-size: 18px;\" data-fusion-font=\"true\">que nous puissions \u00eatre un <\/span><b style=\"font-size: 18px;\" data-fusion-font=\"true\">t\u00e9moignage puissant et une b\u00e9n\u00e9diction <\/b><span style=\"font-size: 18px;\" data-fusion-font=\"true\">pour ceux qui nous entourent, et que nous pouvons amener de nombreuses personnes au Seigneur J\u00e9sus-Christ.<\/span><\/li>\n<li><span style=\"font-size: 18px;\" data-fusion-font=\"true\">que Dieu nous am\u00e8ne <\/span><b style=\"font-size: 18px;\" data-fusion-font=\"true\">les bonnes personnes<\/b><span style=\"font-size: 18px;\" data-fusion-font=\"true\"> sur notre chemin pour d\u00e9velopper ce minist\u00e8re<\/span><\/li>\n<li><span style=\"font-size: 18px;\" data-fusion-font=\"true\">pour <\/span><b style=\"font-size: 18px;\" data-fusion-font=\"true\">une communaut\u00e9 chr\u00e9tienne grandissante<\/b><span style=\"font-size: 18px;\" data-fusion-font=\"true\">qui se sent impliqu\u00e9 et engag\u00e9 dans le centre<\/span><\/li>\n<li><span style=\"font-size: 18px;\" data-fusion-font=\"true\">pour <\/span><b style=\"font-size: 18px;\" data-fusion-font=\"true\">le faveur <\/b><span style=\"font-size: 18px;\" data-fusion-font=\"true\">avec nos voisins et les gouvernements (locaux)<\/span><\/li>\n<li><span style=\"font-size: 18px;\" data-fusion-font=\"true\">pour <\/span><b style=\"font-size: 18px;\" data-fusion-font=\"true\">la protection<\/b><span style=\"font-size: 18px;\" data-fusion-font=\"true\"> de toutes les personnes concern\u00e9es et contre les calamit\u00e9s de toutes sortes<\/span><\/li>\n<li><span style=\"font-size: 18px;\" data-fusion-font=\"true\">pour <\/span><b style=\"font-size: 18px;\" data-fusion-font=\"true\">des ressources financi\u00e8res suffisantes et une aide pratique<\/b><span style=\"font-size: 18px;\" data-fusion-font=\"true\"> pour rendre tout possible<\/span><\/li>\n<li><span style=\"font-size: 18px;\" data-fusion-font=\"true\">que <\/span><b style=\"font-size: 18px;\" data-fusion-font=\"true\">Dieu re\u00e7oit toute <\/b><span style=\"font-size: 18px;\" data-fusion-font=\"true\">gloire<\/span><\/li>\n<\/ul>\n<p style=\"font-size: 18px;\" data-fusion-font=\"true\">Inscrivez-vous \u00e9galement \u00e0 notre bulletin d&rsquo;information et restez au courant des derniers points de pri\u00e8re.<\/p>\n<\/div><div class=\"fusion-separator fusion-full-width-sep\" style=\"align-self: center;margin-left: auto;margin-right: auto;margin-top:20px;width:100%;\"><\/div><\/div><\/div><div class=\"fusion-layout-column fusion_builder_column fusion-builder-column-1 fusion_builder_column_1_3 1_3 fusion-flex-column\" style=\"--awb-padding-top:100px;--awb-padding-right:0px;--awb-padding-bottom:100px;--awb-padding-left:0px;--awb-bg-color:var(--awb-color7);--awb-bg-color-hover:var(--awb-color7);--awb-bg-position:center center;--awb-bg-blend:overlay;--awb-bg-size:cover;--awb-width-large:33.333333333333%;--awb-margin-top-large:0px;--awb-spacing-right-large:0px;--awb-margin-bottom-large:0px;--awb-spacing-left-large:0px;--awb-width-medium:100%;--awb-order-medium:0;--awb-spacing-right-medium:0px;--awb-spacing-left-medium:0px;--awb-width-small:100%;--awb-order-small:0;--awb-spacing-right-small:0px;--awb-spacing-left-small:0px;\"><div class=\"fusion-column-wrapper lazyload fusion-column-has-shadow fusion-flex-justify-content-center fusion-content-layout-column fusion-column-has-bg-image\" data-bg-url=\"http:\/\/portedesperance.eu\/wp-content\/uploads\/2022\/10\/P1030933-scaled.jpg\" data-bg=\"http:\/\/portedesperance.eu\/wp-content\/uploads\/2022\/10\/P1030933-scaled.jpg\"><div class=\"fusion-form fusion-form-builder fusion-form-form-wrapper fusion-form-3537\" style=\"--awb-margin-top:120px;--awb-margin-right:20px;--awb-margin-left:20px;--awb-tooltip-text-color:#ffffff;--awb-tooltip-background-color:#333333;\" data-form-id=\"3537\" data-config=\"{&quot;form_id&quot;:3537,&quot;form_post_id&quot;:3537,&quot;post_id&quot;:3106,&quot;form_type&quot;:&quot;ajax&quot;,&quot;confirmation_type&quot;:&quot;message&quot;,&quot;redirect_url&quot;:&quot;&quot;,&quot;redirect_timeout&quot;:&quot;0&quot;,&quot;field_labels&quot;:{&quot;Naam&quot;:&quot;&quot;,&quot;email_address&quot;:&quot;&quot;},&quot;field_logics&quot;:{&quot;Naam&quot;:&quot;&quot;,&quot;email_address&quot;:&quot;&quot;,&quot;notice_1&quot;:&quot;&quot;,&quot;submit_1&quot;:&quot;&quot;},&quot;field_types&quot;:{&quot;Naam&quot;:&quot;text&quot;,&quot;email_address&quot;:&quot;email&quot;,&quot;notice_1&quot;:&quot;notice&quot;,&quot;submit_1&quot;:&quot;submit&quot;},&quot;nonce_method&quot;:&quot;ajax&quot;,&quot;form_views&quot;:&quot;ajax&quot;,&quot;form_views_counting&quot;:&quot;all&quot;}\"><form action=\"https:\/\/portedesperance.eu\/fr\/priez-avec-nous\/\" method=\"post\" class=\"fusion-form fusion-form-3537\"><div class=\"fusion-fullwidth fullwidth-box fusion-builder-row-1-1 fusion-flex-container nonhundred-percent-fullwidth non-hundred-percent-height-scrolling\" style=\"--awb-border-radius-top-left:0px;--awb-border-radius-top-right:0px;--awb-border-radius-bottom-right:0px;--awb-border-radius-bottom-left:0px;--awb-padding-top:0px;--awb-padding-right:0px;--awb-padding-bottom:0px;--awb-padding-left:0px;--awb-flex-wrap:wrap;\" ><div class=\"fusion-builder-row fusion-row fusion-flex-align-items-flex-start fusion-flex-content-wrap\" style=\"width:103% !important;max-width:103% !important;margin-left: calc(-3% \/ 2 );margin-right: calc(-3% \/ 2 );\"><div class=\"fusion-layout-column fusion_builder_column fusion-builder-column-2 fusion_builder_column_1_1 1_1 fusion-flex-column\" style=\"--awb-bg-size:cover;--awb-width-large:100%;--awb-flex-grow:0;--awb-flex-shrink:0;--awb-margin-top-large:0px;--awb-spacing-right-large:1.455%;--awb-margin-bottom-large:0px;--awb-spacing-left-large:1.455%;--awb-width-medium:100%;--awb-order-medium:0;--awb-flex-grow-medium:0;--awb-flex-shrink-medium:0;--awb-spacing-right-medium:1.455%;--awb-spacing-left-medium:1.455%;--awb-width-small:100%;--awb-order-small:0;--awb-flex-grow-small:0;--awb-flex-shrink-small:0;--awb-spacing-right-small:1.455%;--awb-spacing-left-small:1.455%;\"><div class=\"fusion-column-wrapper fusion-column-has-shadow fusion-flex-justify-content-flex-start fusion-content-layout-column\"><div class=\"fusion-form-field fusion-form-text-field fusion-form-label-above\" style=\"\" data-form-id=\"3537\"><input type=\"text\" autocomplete=\"off\" name=\"Naam\" id=\"Naam\" value=\"\"  class=\"fusion-form-input\" required=\"true\" aria-required=\"true\" placeholder=\"Nom *\" data-holds-private-data=\"false\" minlength=\"0\"\/><\/div><div class=\"fusion-form-field fusion-form-email-field fusion-form-label-above\" style=\"\" data-form-id=\"3537\"><input type=\"email\" autocomplete=\"off\" name=\"email_address\" id=\"email_address\" value=\"\"  class=\"fusion-form-input\" required=\"true\" aria-required=\"true\" placeholder=\"Adresse \u00e9lectronique *\" data-holds-private-data=\"false\"\/><\/div><div class=\"form-submission-notices data-notice_1\" id=\"fusion-notices-1\"><div class=\"fusion-alert alert success alert-success fusion-alert-center fusion-form-response fusion-form-response-success fusion-alert-capitalize awb-alert-native-link-color alert-dismissable awb-alert-close-boxed\" role=\"alert\"><div class=\"fusion-alert-content-wrapper\"><span class=\"alert-icon\"><i class=\"awb-icon-check-circle\" aria-hidden=\"true\"><\/i><\/span><span class=\"fusion-alert-content\">Thank you for your message. It has been sent.<\/span><\/div><button type=\"button\" class=\"close toggle-alert\" data-dismiss=\"alert\" aria-label=\"Close\">&times;<\/button><\/div><div class=\"fusion-alert alert error alert-danger fusion-alert-center fusion-form-response fusion-form-response-error fusion-alert-capitalize awb-alert-native-link-color alert-dismissable awb-alert-close-boxed\" role=\"alert\"><div class=\"fusion-alert-content-wrapper\"><span class=\"alert-icon\"><i class=\"awb-icon-exclamation-triangle\" aria-hidden=\"true\"><\/i><\/span><span class=\"fusion-alert-content\">There was an error trying to send your message. Please try again later.<\/span><\/div><button type=\"button\" class=\"close toggle-alert\" data-dismiss=\"alert\" aria-label=\"Close\">&times;<\/button><\/div><\/div><div class=\"fusion-form-field fusion-form-submit-field fusion-form-label-above\" style=\"\" data-form-id=\"3537\"><div style=\"text-align:center;\"><button type=\"submit\" class=\"fusion-button button-flat button-medium button-default fusion-button-default button-1 fusion-button-span-yes  button-default form-form-submit\" data-form-number=\"3537\" tabindex=\"\"><span class=\"fusion-button-text awb-button__text awb-button__text--default\">Inschrijven Nieuwsbrief<\/span><\/button><\/div><\/div><\/div><\/div><\/div><\/div><input type=\"hidden\" name=\"fusion_privacy_store_ip_ua\" value=\"false\"><input type=\"hidden\" name=\"fusion_privacy_expiration_interval\" value=\"48\"><input type=\"hidden\" name=\"privacy_expiration_action\" value=\"anonymize\"><\/form><\/div><\/div><\/div><\/div><\/div>\n","protected":false},"excerpt":{"rendered":"","protected":false},"author":3,"featured_media":0,"parent":0,"menu_order":0,"comment_status":"closed","ping_status":"closed","template":"100-width.php","meta":{"_acf_changed":false,"om_disable_all_campaigns":false,"_monsterinsights_skip_tracking":false,"_monsterinsights_sitenote_active":false,"_monsterinsights_sitenote_note":"","_monsterinsights_sitenote_category":0,"footnotes":""},"class_list":["post-3106","page","type-page","status-publish","hentry"],"acf":[],"yoast_head":"<!-- This site is optimized with the Yoast SEO plugin v26.9 - https:\/\/yoast.com\/product\/yoast-seo-wordpress\/ -->\n<title>Priez - Porte d&#039;Esp\u00e9rance<\/title>\n<meta name=\"robots\" content=\"index, follow, max-snippet:-1, max-image-preview:large, max-video-preview:-1\" \/>\n<link rel=\"canonical\" href=\"https:\/\/portedesperance.eu\/fr\/priez-avec-nous\/\" \/>\n<meta property=\"og:locale\" content=\"fr_FR\" \/>\n<meta property=\"og:type\" content=\"article\" \/>\n<meta property=\"og:title\" content=\"Priez - Porte d&#039;Esp\u00e9rance\" \/>\n<meta property=\"og:url\" content=\"https:\/\/portedesperance.eu\/fr\/priez-avec-nous\/\" \/>\n<meta property=\"og:site_name\" content=\"Porte d&#039;Esp\u00e9rance\" \/>\n<meta property=\"article:modified_time\" content=\"2023-02-11T13:41:19+00:00\" \/>\n<meta property=\"og:image\" content=\"https:\/\/portedesperance.eu\/wp-content\/uploads\/2023\/01\/P1050905.jpg\" \/>\n\t<meta property=\"og:image:width\" content=\"2048\" \/>\n\t<meta property=\"og:image:height\" content=\"1536\" \/>\n\t<meta property=\"og:image:type\" content=\"image\/jpeg\" \/>\n<meta name=\"twitter:card\" content=\"summary_large_image\" \/>\n<meta name=\"twitter:label1\" content=\"Dur\u00e9e de lecture estim\u00e9e\" \/>\n\t<meta name=\"twitter:data1\" content=\"4 minutes\" \/>\n<script type=\"application\/ld+json\" class=\"yoast-schema-graph\">{\"@context\":\"https:\/\/schema.org\",\"@graph\":[{\"@type\":\"WebPage\",\"@id\":\"https:\/\/portedesperance.eu\/fr\/priez-avec-nous\/\",\"url\":\"https:\/\/portedesperance.eu\/fr\/priez-avec-nous\/\",\"name\":\"Priez - Porte d&#039;Esp\u00e9rance\",\"isPartOf\":{\"@id\":\"https:\/\/portedesperance.eu\/fr\/#website\"},\"datePublished\":\"2022-11-29T10:51:41+00:00\",\"dateModified\":\"2023-02-11T13:41:19+00:00\",\"breadcrumb\":{\"@id\":\"https:\/\/portedesperance.eu\/fr\/priez-avec-nous\/#breadcrumb\"},\"inLanguage\":\"fr-FR\",\"potentialAction\":[{\"@type\":\"ReadAction\",\"target\":[\"https:\/\/portedesperance.eu\/fr\/priez-avec-nous\/\"]}]},{\"@type\":\"BreadcrumbList\",\"@id\":\"https:\/\/portedesperance.eu\/fr\/priez-avec-nous\/#breadcrumb\",\"itemListElement\":[{\"@type\":\"ListItem\",\"position\":1,\"name\":\"Home\",\"item\":\"https:\/\/portedesperance.eu\/fr\/portedesperance\/\"},{\"@type\":\"ListItem\",\"position\":2,\"name\":\"Priez\"}]},{\"@type\":\"WebSite\",\"@id\":\"https:\/\/portedesperance.eu\/fr\/#website\",\"url\":\"https:\/\/portedesperance.eu\/fr\/\",\"name\":\"Porte d Esperance\",\"description\":\"Vrienden van Porte d&#039;Esp\u00e9rance\",\"publisher\":{\"@id\":\"https:\/\/portedesperance.eu\/fr\/#organization\"},\"potentialAction\":[{\"@type\":\"SearchAction\",\"target\":{\"@type\":\"EntryPoint\",\"urlTemplate\":\"https:\/\/portedesperance.eu\/fr\/?s={search_term_string}\"},\"query-input\":{\"@type\":\"PropertyValueSpecification\",\"valueRequired\":true,\"valueName\":\"search_term_string\"}}],\"inLanguage\":\"fr-FR\"},{\"@type\":\"Organization\",\"@id\":\"https:\/\/portedesperance.eu\/fr\/#organization\",\"name\":\"Porte d Esperance\",\"url\":\"https:\/\/portedesperance.eu\/fr\/\",\"logo\":{\"@type\":\"ImageObject\",\"inLanguage\":\"fr-FR\",\"@id\":\"https:\/\/portedesperance.eu\/fr\/#\/schema\/logo\/image\/\",\"url\":\"https:\/\/portedesperance.eu\/wp-content\/uploads\/2023\/01\/LOGO_Porte-desperance_tekstblok_groen.png\",\"contentUrl\":\"https:\/\/portedesperance.eu\/wp-content\/uploads\/2023\/01\/LOGO_Porte-desperance_tekstblok_groen.png\",\"width\":400,\"height\":239,\"caption\":\"Porte d Esperance\"},\"image\":{\"@id\":\"https:\/\/portedesperance.eu\/fr\/#\/schema\/logo\/image\/\"}}]}<\/script>\n<!-- \/ Yoast SEO plugin. -->","yoast_head_json":{"title":"Priez - Porte d&#039;Esp\u00e9rance","robots":{"index":"index","follow":"follow","max-snippet":"max-snippet:-1","max-image-preview":"max-image-preview:large","max-video-preview":"max-video-preview:-1"},"canonical":"https:\/\/portedesperance.eu\/fr\/priez-avec-nous\/","og_locale":"fr_FR","og_type":"article","og_title":"Priez - Porte d&#039;Esp\u00e9rance","og_url":"https:\/\/portedesperance.eu\/fr\/priez-avec-nous\/","og_site_name":"Porte d&#039;Esp\u00e9rance","article_modified_time":"2023-02-11T13:41:19+00:00","og_image":[{"width":2048,"height":1536,"url":"https:\/\/portedesperance.eu\/wp-content\/uploads\/2023\/01\/P1050905.jpg","type":"image\/jpeg"}],"twitter_card":"summary_large_image","twitter_misc":{"Dur\u00e9e de lecture estim\u00e9e":"4 minutes"},"schema":{"@context":"https:\/\/schema.org","@graph":[{"@type":"WebPage","@id":"https:\/\/portedesperance.eu\/fr\/priez-avec-nous\/","url":"https:\/\/portedesperance.eu\/fr\/priez-avec-nous\/","name":"Priez - Porte d&#039;Esp\u00e9rance","isPartOf":{"@id":"https:\/\/portedesperance.eu\/fr\/#website"},"datePublished":"2022-11-29T10:51:41+00:00","dateModified":"2023-02-11T13:41:19+00:00","breadcrumb":{"@id":"https:\/\/portedesperance.eu\/fr\/priez-avec-nous\/#breadcrumb"},"inLanguage":"fr-FR","potentialAction":[{"@type":"ReadAction","target":["https:\/\/portedesperance.eu\/fr\/priez-avec-nous\/"]}]},{"@type":"BreadcrumbList","@id":"https:\/\/portedesperance.eu\/fr\/priez-avec-nous\/#breadcrumb","itemListElement":[{"@type":"ListItem","position":1,"name":"Home","item":"https:\/\/portedesperance.eu\/fr\/portedesperance\/"},{"@type":"ListItem","position":2,"name":"Priez"}]},{"@type":"WebSite","@id":"https:\/\/portedesperance.eu\/fr\/#website","url":"https:\/\/portedesperance.eu\/fr\/","name":"Porte d Esperance","description":"Vrienden van Porte d&#039;Esp\u00e9rance","publisher":{"@id":"https:\/\/portedesperance.eu\/fr\/#organization"},"potentialAction":[{"@type":"SearchAction","target":{"@type":"EntryPoint","urlTemplate":"https:\/\/portedesperance.eu\/fr\/?s={search_term_string}"},"query-input":{"@type":"PropertyValueSpecification","valueRequired":true,"valueName":"search_term_string"}}],"inLanguage":"fr-FR"},{"@type":"Organization","@id":"https:\/\/portedesperance.eu\/fr\/#organization","name":"Porte d Esperance","url":"https:\/\/portedesperance.eu\/fr\/","logo":{"@type":"ImageObject","inLanguage":"fr-FR","@id":"https:\/\/portedesperance.eu\/fr\/#\/schema\/logo\/image\/","url":"https:\/\/portedesperance.eu\/wp-content\/uploads\/2023\/01\/LOGO_Porte-desperance_tekstblok_groen.png","contentUrl":"https:\/\/portedesperance.eu\/wp-content\/uploads\/2023\/01\/LOGO_Porte-desperance_tekstblok_groen.png","width":400,"height":239,"caption":"Porte d Esperance"},"image":{"@id":"https:\/\/portedesperance.eu\/fr\/#\/schema\/logo\/image\/"}}]}},"_links":{"self":[{"href":"https:\/\/portedesperance.eu\/fr\/wp-json\/wp\/v2\/pages\/3106","targetHints":{"allow":["GET"]}}],"collection":[{"href":"https:\/\/portedesperance.eu\/fr\/wp-json\/wp\/v2\/pages"}],"about":[{"href":"https:\/\/portedesperance.eu\/fr\/wp-json\/wp\/v2\/types\/page"}],"author":[{"embeddable":true,"href":"https:\/\/portedesperance.eu\/fr\/wp-json\/wp\/v2\/users\/3"}],"replies":[{"embeddable":true,"href":"https:\/\/portedesperance.eu\/fr\/wp-json\/wp\/v2\/comments?post=3106"}],"version-history":[{"count":23,"href":"https:\/\/portedesperance.eu\/fr\/wp-json\/wp\/v2\/pages\/3106\/revisions"}],"predecessor-version":[{"id":3360,"href":"https:\/\/portedesperance.eu\/fr\/wp-json\/wp\/v2\/pages\/3106\/revisions\/3360"}],"wp:attachment":[{"href":"https:\/\/portedesperance.eu\/fr\/wp-json\/wp\/v2\/media?parent=3106"}],"curies":[{"name":"wp","href":"https:\/\/api.w.org\/{rel}","templated":true}]}}