{"id":4086,"date":"2024-01-02T11:37:27","date_gmt":"2024-01-02T11:37:27","guid":{"rendered":"https:\/\/portedesperance.eu\/wein-aktion\/"},"modified":"2024-01-31T12:29:31","modified_gmt":"2024-01-31T12:29:31","slug":"wein-aktion","status":"publish","type":"page","link":"https:\/\/portedesperance.eu\/de\/wein-aktion\/","title":{"rendered":"Wein-Aktion"},"content":{"rendered":"<div class=\"fusion-fullwidth fullwidth-box fusion-builder-row-1 fusion-flex-container has-pattern-background has-mask-background nonhundred-percent-fullwidth non-hundred-percent-height-scrolling\" style=\"--awb-border-radius-top-left:0px;--awb-border-radius-top-right:0px;--awb-border-radius-bottom-right:0px;--awb-border-radius-bottom-left:0px;--awb-padding-top:240px;--awb-flex-wrap:wrap;\" ><div class=\"fusion-builder-row fusion-row fusion-flex-align-items-flex-start fusion-flex-content-wrap\" style=\"max-width:1216.8px;margin-left: calc(-4% \/ 2 );margin-right: calc(-4% \/ 2 );\"><div class=\"fusion-layout-column fusion_builder_column fusion-builder-column-0 fusion_builder_column_2_3 2_3 fusion-flex-column\" style=\"--awb-bg-size:cover;--awb-width-large:66.666666666667%;--awb-margin-top-large:0px;--awb-spacing-right-large:2.88%;--awb-margin-bottom-large:20px;--awb-spacing-left-large:2.88%;--awb-width-medium:100%;--awb-order-medium:0;--awb-spacing-right-medium:1.92%;--awb-spacing-left-medium:1.92%;--awb-width-small:100%;--awb-order-small:0;--awb-spacing-right-small:1.92%;--awb-spacing-left-small:1.92%;\"><div class=\"fusion-column-wrapper fusion-column-has-shadow fusion-flex-justify-content-flex-start fusion-content-layout-column\"><div class=\"fusion-text fusion-text-1\" style=\"--awb-line-height:1.5;\"><h2>Wein-Aktion<\/h2>\n<p>Wenn Sie in den letzten Jahren im Sommer zu Gast waren, haben Sie bei Ihrer Ankunft sicher eine sch\u00f6ne Flasche Wein erhalten. Wir sind selbst ein gro\u00dfer Fan dieses Weins. Wegen des Geschmacks, aber auch, weil es eine Geschichte dazu gibt. Was haben wir also getan? Wir haben einige Paletten Wein in die Niederlande gebracht, damit Sie dieses Jahr die M\u00f6glichkeit haben, ihn zu genie\u00dfen:<\/p>\n<ul>\n<li>Geben Sie Ihren G\u00e4sten einen Vorgeschmack auf die franz\u00f6sische Sonne, im w\u00f6rtlichen und \u00fcbertragenen Sinne.<\/li>\n<li>In der Lage sein, ein Gespr\u00e4ch \u00fcber den Glauben oder den Wein oder beides zu f\u00fchren<\/li>\n<li>Bieten Sie Ihren Mitarbeitern oder Partnern ein einzigartiges Geschenk.<\/li>\n<li>Oder genie\u00dfen Sie einfach einen guten Wein!<\/li>\n<\/ul>\n<p>Dieser Wein stammt von einem christlichen franz\u00f6sischen Winzer, Ch\u00e2teau Gu\u00e9ry, und wir freuen uns sehr, dass wir ihn unseren G\u00e4sten schenken k\u00f6nnen.<\/p>\n<p>Dieser k\u00f6stliche Rotwein ist st\u00fcckweise oder im 6er-Karton erh\u00e4ltlich.<br \/>Der Preis betr\u00e4gt 15 \u20ac pro Flasche oder 90 \u20ac pro Kiste. Und bei einer Bestellung erhalten Sie auch unser brandneues Magazin als Geschenk!<\/p>\n<p>Davon geht der gesamte Betrag an die Gr\u00fcndung und den Aufbau der Glaubensgemeinschaft in Frankreich<\/p>\n<\/div><\/div><\/div><div class=\"fusion-layout-column fusion_builder_column fusion-builder-column-1 fusion_builder_column_1_3 1_3 fusion-flex-column\" style=\"--awb-bg-size:cover;--awb-width-large:33.333333333333%;--awb-margin-top-large:0px;--awb-spacing-right-large:5.76%;--awb-margin-bottom-large:20px;--awb-spacing-left-large:5.76%;--awb-width-medium:100%;--awb-order-medium:0;--awb-spacing-right-medium:1.92%;--awb-spacing-left-medium:1.92%;--awb-width-small:100%;--awb-order-small:0;--awb-spacing-right-small:1.92%;--awb-spacing-left-small:1.92%;\"><div class=\"fusion-column-wrapper fusion-column-has-shadow fusion-flex-justify-content-flex-start fusion-content-layout-column\"><div style=\"text-align:center;\"><a class=\"fusion-button button-flat button-xlarge button-default fusion-button-default button-1 fusion-button-default-span fusion-button-default-type\" target=\"_blank\" rel=\"noopener noreferrer\" href=\"https:\/\/forms.office.com\/r\/ML8dk3Bdsx \"><span class=\"fusion-button-text awb-button__text awb-button__text--default\">Hier bestellen<\/span><\/a><\/div><div class=\"fusion-image-element \" style=\"text-align:center;--awb-margin-top:40px;--awb-caption-title-font-family:var(--h2_typography-font-family);--awb-caption-title-font-weight:var(--h2_typography-font-weight);--awb-caption-title-font-style:var(--h2_typography-font-style);--awb-caption-title-size:var(--h2_typography-font-size);--awb-caption-title-transform:var(--h2_typography-text-transform);--awb-caption-title-line-height:var(--h2_typography-line-height);--awb-caption-title-letter-spacing:var(--h2_typography-letter-spacing);\"><span class=\" fusion-imageframe imageframe-none imageframe-1 hover-type-none\"><img decoding=\"async\" width=\"300\" height=\"200\" title=\"f69c2452-cc66-3205-2798-d72dce39096c\" src=\"https:\/\/portedesperance.eu\/wp-content\/uploads\/2024\/01\/f69c2452-cc66-3205-2798-d72dce39096c.jpeg\" data-orig-src=\"http:\/\/portedesperance.eu\/wp-content\/uploads\/2024\/01\/f69c2452-cc66-3205-2798-d72dce39096c-300x200.jpeg\" alt class=\"lazyload img-responsive wp-image-4093\" srcset=\"data:image\/svg+xml,%3Csvg%20xmlns%3D%27http%3A%2F%2Fwww.w3.org%2F2000%2Fsvg%27%20width%3D%27640%27%20height%3D%27427%27%20viewBox%3D%270%200%20640%20427%27%3E%3Crect%20width%3D%27640%27%20height%3D%27427%27%20fill-opacity%3D%220%22%2F%3E%3C%2Fsvg%3E\" data-srcset=\"https:\/\/portedesperance.eu\/wp-content\/uploads\/2024\/01\/f69c2452-cc66-3205-2798-d72dce39096c-200x133.jpeg 200w, https:\/\/portedesperance.eu\/wp-content\/uploads\/2024\/01\/f69c2452-cc66-3205-2798-d72dce39096c-400x267.jpeg 400w, https:\/\/portedesperance.eu\/wp-content\/uploads\/2024\/01\/f69c2452-cc66-3205-2798-d72dce39096c-600x400.jpeg 600w, https:\/\/portedesperance.eu\/wp-content\/uploads\/2024\/01\/f69c2452-cc66-3205-2798-d72dce39096c.jpeg 640w\" data-sizes=\"auto\" data-orig-sizes=\"(max-width: 1024px) 100vw, (max-width: 640px) 100vw, 400px\" \/><\/span><\/div><\/div><\/div><\/div><\/div>\n","protected":false},"excerpt":{"rendered":"","protected":false},"author":6,"featured_media":0,"parent":0,"menu_order":0,"comment_status":"closed","ping_status":"closed","template":"100-width.php","meta":{"_acf_changed":false,"om_disable_all_campaigns":false,"_monsterinsights_skip_tracking":false,"_monsterinsights_sitenote_active":false,"_monsterinsights_sitenote_note":"","_monsterinsights_sitenote_category":0,"footnotes":""},"class_list":["post-4086","page","type-page","status-publish","hentry"],"acf":[],"yoast_head":"<!-- This site is optimized with the Yoast SEO plugin v26.9 - https:\/\/yoast.com\/product\/yoast-seo-wordpress\/ -->\n<title>Wein-Aktion - Porte d&#039;Esp\u00e9rance<\/title>\n<meta name=\"robots\" content=\"index, follow, max-snippet:-1, max-image-preview:large, max-video-preview:-1\" \/>\n<link rel=\"canonical\" href=\"https:\/\/portedesperance.eu\/de\/wein-aktion\/\" \/>\n<meta property=\"og:locale\" content=\"de_DE\" \/>\n<meta property=\"og:type\" content=\"article\" \/>\n<meta property=\"og:title\" content=\"Wein-Aktion - Porte d&#039;Esp\u00e9rance\" \/>\n<meta property=\"og:url\" content=\"https:\/\/portedesperance.eu\/de\/wein-aktion\/\" \/>\n<meta property=\"og:site_name\" content=\"Porte d&#039;Esp\u00e9rance\" \/>\n<meta property=\"article:modified_time\" content=\"2024-01-31T12:29:31+00:00\" \/>\n<meta property=\"og:image\" content=\"https:\/\/portedesperance.eu\/wp-content\/uploads\/2023\/01\/P1050905.jpg\" \/>\n\t<meta property=\"og:image:width\" content=\"2048\" \/>\n\t<meta property=\"og:image:height\" content=\"1536\" \/>\n\t<meta property=\"og:image:type\" content=\"image\/jpeg\" \/>\n<meta name=\"twitter:card\" content=\"summary_large_image\" \/>\n<meta name=\"twitter:label1\" content=\"Gesch\u00e4tzte Lesezeit\" \/>\n\t<meta name=\"twitter:data1\" content=\"5\u00a0Minuten\" \/>\n<script type=\"application\/ld+json\" class=\"yoast-schema-graph\">{\"@context\":\"https:\/\/schema.org\",\"@graph\":[{\"@type\":\"WebPage\",\"@id\":\"https:\/\/portedesperance.eu\/de\/wein-aktion\/\",\"url\":\"https:\/\/portedesperance.eu\/de\/wein-aktion\/\",\"name\":\"Wein-Aktion - Porte d&#039;Esp\u00e9rance\",\"isPartOf\":{\"@id\":\"https:\/\/portedesperance.eu\/de\/#website\"},\"datePublished\":\"2024-01-02T11:37:27+00:00\",\"dateModified\":\"2024-01-31T12:29:31+00:00\",\"breadcrumb\":{\"@id\":\"https:\/\/portedesperance.eu\/de\/wein-aktion\/#breadcrumb\"},\"inLanguage\":\"de\",\"potentialAction\":[{\"@type\":\"ReadAction\",\"target\":[\"https:\/\/portedesperance.eu\/de\/wein-aktion\/\"]}]},{\"@type\":\"BreadcrumbList\",\"@id\":\"https:\/\/portedesperance.eu\/de\/wein-aktion\/#breadcrumb\",\"itemListElement\":[{\"@type\":\"ListItem\",\"position\":1,\"name\":\"Home\",\"item\":\"https:\/\/portedesperance.eu\/de\/charity-home-2\/\"},{\"@type\":\"ListItem\",\"position\":2,\"name\":\"Wein-Aktion\"}]},{\"@type\":\"WebSite\",\"@id\":\"https:\/\/portedesperance.eu\/de\/#website\",\"url\":\"https:\/\/portedesperance.eu\/de\/\",\"name\":\"Porte d Esperance\",\"description\":\"Vrienden van Porte d&#039;Esp\u00e9rance\",\"publisher\":{\"@id\":\"https:\/\/portedesperance.eu\/de\/#organization\"},\"potentialAction\":[{\"@type\":\"SearchAction\",\"target\":{\"@type\":\"EntryPoint\",\"urlTemplate\":\"https:\/\/portedesperance.eu\/de\/?s={search_term_string}\"},\"query-input\":{\"@type\":\"PropertyValueSpecification\",\"valueRequired\":true,\"valueName\":\"search_term_string\"}}],\"inLanguage\":\"de\"},{\"@type\":\"Organization\",\"@id\":\"https:\/\/portedesperance.eu\/de\/#organization\",\"name\":\"Porte d Esperance\",\"url\":\"https:\/\/portedesperance.eu\/de\/\",\"logo\":{\"@type\":\"ImageObject\",\"inLanguage\":\"de\",\"@id\":\"https:\/\/portedesperance.eu\/de\/#\/schema\/logo\/image\/\",\"url\":\"https:\/\/portedesperance.eu\/wp-content\/uploads\/2023\/01\/LOGO_Porte-desperance_tekstblok_groen.png\",\"contentUrl\":\"https:\/\/portedesperance.eu\/wp-content\/uploads\/2023\/01\/LOGO_Porte-desperance_tekstblok_groen.png\",\"width\":400,\"height\":239,\"caption\":\"Porte d Esperance\"},\"image\":{\"@id\":\"https:\/\/portedesperance.eu\/de\/#\/schema\/logo\/image\/\"}}]}<\/script>\n<!-- \/ Yoast SEO plugin. -->","yoast_head_json":{"title":"Wein-Aktion - Porte d&#039;Esp\u00e9rance","robots":{"index":"index","follow":"follow","max-snippet":"max-snippet:-1","max-image-preview":"max-image-preview:large","max-video-preview":"max-video-preview:-1"},"canonical":"https:\/\/portedesperance.eu\/de\/wein-aktion\/","og_locale":"de_DE","og_type":"article","og_title":"Wein-Aktion - Porte d&#039;Esp\u00e9rance","og_url":"https:\/\/portedesperance.eu\/de\/wein-aktion\/","og_site_name":"Porte d&#039;Esp\u00e9rance","article_modified_time":"2024-01-31T12:29:31+00:00","og_image":[{"width":2048,"height":1536,"url":"https:\/\/portedesperance.eu\/wp-content\/uploads\/2023\/01\/P1050905.jpg","type":"image\/jpeg"}],"twitter_card":"summary_large_image","twitter_misc":{"Gesch\u00e4tzte Lesezeit":"5\u00a0Minuten"},"schema":{"@context":"https:\/\/schema.org","@graph":[{"@type":"WebPage","@id":"https:\/\/portedesperance.eu\/de\/wein-aktion\/","url":"https:\/\/portedesperance.eu\/de\/wein-aktion\/","name":"Wein-Aktion - Porte d&#039;Esp\u00e9rance","isPartOf":{"@id":"https:\/\/portedesperance.eu\/de\/#website"},"datePublished":"2024-01-02T11:37:27+00:00","dateModified":"2024-01-31T12:29:31+00:00","breadcrumb":{"@id":"https:\/\/portedesperance.eu\/de\/wein-aktion\/#breadcrumb"},"inLanguage":"de","potentialAction":[{"@type":"ReadAction","target":["https:\/\/portedesperance.eu\/de\/wein-aktion\/"]}]},{"@type":"BreadcrumbList","@id":"https:\/\/portedesperance.eu\/de\/wein-aktion\/#breadcrumb","itemListElement":[{"@type":"ListItem","position":1,"name":"Home","item":"https:\/\/portedesperance.eu\/de\/charity-home-2\/"},{"@type":"ListItem","position":2,"name":"Wein-Aktion"}]},{"@type":"WebSite","@id":"https:\/\/portedesperance.eu\/de\/#website","url":"https:\/\/portedesperance.eu\/de\/","name":"Porte d Esperance","description":"Vrienden van Porte d&#039;Esp\u00e9rance","publisher":{"@id":"https:\/\/portedesperance.eu\/de\/#organization"},"potentialAction":[{"@type":"SearchAction","target":{"@type":"EntryPoint","urlTemplate":"https:\/\/portedesperance.eu\/de\/?s={search_term_string}"},"query-input":{"@type":"PropertyValueSpecification","valueRequired":true,"valueName":"search_term_string"}}],"inLanguage":"de"},{"@type":"Organization","@id":"https:\/\/portedesperance.eu\/de\/#organization","name":"Porte d Esperance","url":"https:\/\/portedesperance.eu\/de\/","logo":{"@type":"ImageObject","inLanguage":"de","@id":"https:\/\/portedesperance.eu\/de\/#\/schema\/logo\/image\/","url":"https:\/\/portedesperance.eu\/wp-content\/uploads\/2023\/01\/LOGO_Porte-desperance_tekstblok_groen.png","contentUrl":"https:\/\/portedesperance.eu\/wp-content\/uploads\/2023\/01\/LOGO_Porte-desperance_tekstblok_groen.png","width":400,"height":239,"caption":"Porte d Esperance"},"image":{"@id":"https:\/\/portedesperance.eu\/de\/#\/schema\/logo\/image\/"}}]}},"_links":{"self":[{"href":"https:\/\/portedesperance.eu\/de\/wp-json\/wp\/v2\/pages\/4086","targetHints":{"allow":["GET"]}}],"collection":[{"href":"https:\/\/portedesperance.eu\/de\/wp-json\/wp\/v2\/pages"}],"about":[{"href":"https:\/\/portedesperance.eu\/de\/wp-json\/wp\/v2\/types\/page"}],"author":[{"embeddable":true,"href":"https:\/\/portedesperance.eu\/de\/wp-json\/wp\/v2\/users\/6"}],"replies":[{"embeddable":true,"href":"https:\/\/portedesperance.eu\/de\/wp-json\/wp\/v2\/comments?post=4086"}],"version-history":[{"count":9,"href":"https:\/\/portedesperance.eu\/de\/wp-json\/wp\/v2\/pages\/4086\/revisions"}],"predecessor-version":[{"id":4199,"href":"https:\/\/portedesperance.eu\/de\/wp-json\/wp\/v2\/pages\/4086\/revisions\/4199"}],"wp:attachment":[{"href":"https:\/\/portedesperance.eu\/de\/wp-json\/wp\/v2\/media?parent=4086"}],"curies":[{"name":"wp","href":"https:\/\/api.w.org\/{rel}","templated":true}]}}