{"id":3747,"date":"2016-08-10T08:52:10","date_gmt":"2016-08-10T08:52:10","guid":{"rendered":"https:\/\/portedesperance.eu\/unterstuetzen-sie-uns\/"},"modified":"2025-09-15T11:32:45","modified_gmt":"2025-09-15T11:32:45","slug":"unterstuetzen-sie-uns","status":"publish","type":"page","link":"https:\/\/portedesperance.eu\/de\/unterstuetzen-sie-uns\/","title":{"rendered":"Unterst\u00fctzen Sie uns"},"content":{"rendered":"<p><div class=\"fusion-fullwidth fullwidth-box fusion-builder-row-1 fusion-flex-container hundred-percent-fullwidth non-hundred-percent-height-scrolling\" style=\"--awb-background-position:left top;--awb-border-sizes-top:0px;--awb-border-sizes-bottom:0px;--awb-border-sizes-left:0px;--awb-border-sizes-right:0px;--awb-border-radius-top-left:0px;--awb-border-radius-top-right:0px;--awb-border-radius-bottom-right:0px;--awb-border-radius-bottom-left:0px;--awb-padding-top:0px;--awb-padding-right:0px;--awb-padding-bottom:0px;--awb-padding-left:0px;--awb-flex-wrap:wrap;\" ><div class=\"fusion-builder-row fusion-row fusion-flex-align-items-stretch fusion-flex-content-wrap\" style=\"width:calc( 100% + 0px ) !important;max-width:calc( 100% + 0px ) !important;margin-left: calc(-0px \/ 2 );margin-right: calc(-0px \/ 2 );\"><div class=\"fusion-layout-column fusion_builder_column fusion-builder-column-0 fusion_builder_column_2_3 2_3 fusion-flex-column\" style=\"--awb-padding-top:100px;--awb-padding-right:10%;--awb-padding-bottom:100px;--awb-padding-left:10%;--awb-bg-color:var(--awb-color2);--awb-bg-color-hover:var(--awb-color2);--awb-bg-size:cover;--awb-width-large:66.666666666667%;--awb-margin-top-large:0px;--awb-spacing-right-large:0px;--awb-margin-bottom-large:0px;--awb-spacing-left-large:0px;--awb-width-medium:100%;--awb-spacing-right-medium:0px;--awb-spacing-left-medium:0px;--awb-width-small:100%;--awb-spacing-right-small:0px;--awb-spacing-left-small:0px;\"><div class=\"fusion-column-wrapper fusion-flex-justify-content-center fusion-content-layout-column\"><div class=\"fusion-title title fusion-title-1 fusion-sep-none fusion-title-text fusion-title-size-two\"><h2 class=\"fusion-title-heading title-heading-left\" style=\"margin:0;text-transform:uppercase;line-height:1;\">Helfen Sie beim Aufbau einer Oase der christlichen Erneuerung in S\u00fcdfrankreich<\/h2><\/div><div class=\"fusion-separator\" style=\"align-self: flex-start;margin-right:auto;margin-top:0px;margin-bottom:40px;width:100%;max-width:200px;\"><div class=\"fusion-separator-border sep-single sep-solid\" style=\"--awb-height:20px;--awb-amount:20px;--awb-sep-color:var(--awb-color4);border-color:var(--awb-color4);border-top-width:3px;\"><\/div><\/div><div class=\"fusion-text fusion-text-1\"><p style=\"font-size: 18px;\" data-fusion-font=\"true\">\u00dcber den Aufbau eines Zentrums f\u00fcr christliche Erneuerung. bedeutet viel, geistig, praktisch und finanziell. Wir k\u00f6nnen dies nur mit der Hilfe Gottes und der Unterst\u00fctzung von Menschen tun, der Unterst\u00fctzung von Menschen wie Ihnen!<\/p>\n<p><span style=\"background-color: var(--awb-color2); color: var(--body_typography-color); font-family: var(--body_typography-font-family); font-size: 18px; font-style: var(--body_typography-font-style,normal); font-weight: var(--body_typography-font-weight); letter-spacing: var(--body_typography-letter-spacing);\" data-fusion-font=\"true\">Wir brauchen Ihre Unterst\u00fctzung bei:<\/span><\/p>\n<ul>\n<li><b style=\"font-size: 18px;\" data-fusion-font=\"true\">Instandhaltung und Renovierung<\/b><span style=\"font-size: 18px;\" data-fusion-font=\"true\"> von Geb\u00e4uden und Anlagen<\/span><\/li>\n<li><b style=\"font-size: 18px;\" data-fusion-font=\"true\">Bereitstellung eines Programms<\/b><span style=\"font-size: 18px;\" data-fusion-font=\"true\"> f\u00fcr die G\u00e4ste des Zentrums<\/span><\/li>\n<li><b style=\"background-color: var(--awb-color2); color: var(--body_typography-color); font-family: var(--body_typography-font-family); font-size: 18px; font-style: var(--body_typography-font-style,normal); letter-spacing: var(--body_typography-letter-spacing);\" data-fusion-font=\"true\">missionarische T\u00e4tigkeiten<\/b><span style=\"background-color: var(--awb-color2); color: var(--body_typography-color); font-family: var(--body_typography-font-family); font-size: 18px; font-style: var(--body_typography-font-style,normal); letter-spacing: var(--body_typography-letter-spacing);\" data-fusion-font=\"true\"> Menschen in unserem Gebiet ansprechen<\/span><\/li>\n<li><b style=\"font-size: 18px;\" data-fusion-font=\"true\">Organisation, Verwaltung und \u00d6ffentlichkeitsarbeit<\/b><span style=\"font-size: 18px;\" data-fusion-font=\"true\"> des Zentrums<\/span><\/li>\n<li><b style=\"font-size: 18px;\" data-fusion-font=\"true\">neue Initiativen<\/b><span style=\"font-size: 18px;\" data-fusion-font=\"true\"> und den weiteren Ausbau unseres Dienstes<\/span><\/li>\n<\/ul>\n<p style=\"font-size: 18px;\" data-fusion-font=\"true\">Bauen und spenden Sie also, werden Sie Freiwilliger und beten Sie mit uns!<\/p>\n<\/div><div class=\"fusion-separator fusion-full-width-sep\" style=\"align-self: center;margin-left: auto;margin-right: auto;margin-top:20px;width:100%;\"><\/div><\/div><\/div><div class=\"fusion-layout-column fusion_builder_column fusion-builder-column-1 fusion_builder_column_1_3 1_3 fusion-flex-column\" style=\"--awb-padding-top:100px;--awb-padding-right:0px;--awb-padding-bottom:100px;--awb-padding-left:0px;--awb-bg-color:var(--awb-color8);--awb-bg-color-hover:var(--awb-color8);--awb-bg-position:center center;--awb-bg-blend:overlay;--awb-bg-size:cover;--awb-width-large:33.333333333333%;--awb-margin-top-large:0px;--awb-spacing-right-large:0px;--awb-margin-bottom-large:0px;--awb-spacing-left-large:0px;--awb-width-medium:100%;--awb-spacing-right-medium:0px;--awb-spacing-left-medium:0px;--awb-width-small:100%;--awb-spacing-right-small:0px;--awb-spacing-left-small:0px;\"><div class=\"fusion-column-wrapper lazyload fusion-flex-justify-content-center fusion-content-layout-column fusion-column-has-bg-image\" data-bg-url=\"http:\/\/portedesperance.eu\/wp-content\/uploads\/2022\/10\/bloemen-kapel.jpg\" data-bg=\"http:\/\/portedesperance.eu\/wp-content\/uploads\/2022\/10\/bloemen-kapel.jpg\"><a class=\"fb-icon-element-1 fb-icon-element fontawesome-icon fa-coins fas circle-yes fusion-link\" style=\"--awb-circlebordersize:1px;--awb-font-size:66px;--awb-width:132px;--awb-height:132px;--awb-line-height:130px;--awb-margin-top:0;--awb-margin-right:0;--awb-margin-bottom:0;--awb-margin-left:0;--awb-align-self:center;\" href=\"https:\/\/portedesperance.eu\/doe-een-gift\/\" target=\"_self\" aria-label=\"Link to https:\/\/portedesperance.eu\/doe-een-gift\/\"><\/a><div class=\"fusion-text fusion-text-2\" style=\"--awb-content-alignment:center;--awb-text-color:var(--awb-color1);\"><p>Unterst\u00fctzen Sie uns finanziell<\/p>\n<\/div><div style=\"text-align:center;\"><a class=\"fusion-button button-flat fusion-button-default-size button-default fusion-button-default button-1 fusion-button-default-span fusion-button-default-type\" target=\"_self\" href=\"https:\/\/www.geef.nl\/nl\/doneer?charity=10936&amp;mode=e&amp;referenceCode=Steunons\"><span class=\"fusion-button-text awb-button__text awb-button__text--default\">Jetzt spenden<\/span><\/a><\/div><a class=\"fb-icon-element-2 fb-icon-element fontawesome-icon fa-hands-helping fas circle-yes fusion-link\" style=\"--awb-circlebordersize:1px;--awb-font-size:66px;--awb-width:132px;--awb-height:132px;--awb-line-height:130px;--awb-margin-top:0;--awb-margin-right:0;--awb-margin-bottom:0;--awb-margin-left:0;--awb-align-self:center;\" href=\"https:\/\/portedesperance.eu\/word-vrijwilliger\" target=\"_self\" aria-label=\"Link to https:\/\/portedesperance.eu\/word-vrijwilliger\"><\/a><div class=\"fusion-text fusion-text-3\" style=\"--awb-content-alignment:center;--awb-text-color:var(--awb-color1);\"><p>Unterst\u00fctzen Sie uns praktisch<\/p>\n<\/div><div style=\"text-align:center;\"><a class=\"fusion-button button-flat fusion-button-default-size button-default fusion-button-default button-2 fusion-button-default-span fusion-button-default-type\" target=\"_self\" href=\"https:\/\/portedesperance.eu\/word-vrijwilliger\"><span class=\"fusion-button-text awb-button__text awb-button__text--default\">sich freiwillig melden<\/span><\/a><\/div><a class=\"fb-icon-element-3 fb-icon-element fontawesome-icon fa-pray fas circle-yes fusion-link\" style=\"--awb-circlebordersize:1px;--awb-font-size:66px;--awb-width:132px;--awb-height:132px;--awb-line-height:130px;--awb-margin-top:0;--awb-margin-right:0;--awb-margin-bottom:0;--awb-margin-left:0;--awb-align-self:center;\" href=\"https:\/\/portedesperance.eu\/bid-mee\/\" target=\"_self\" aria-label=\"Link to https:\/\/portedesperance.eu\/bid-mee\/\"><\/a><div class=\"fusion-text fusion-text-4\" style=\"--awb-content-alignment:center;--awb-text-color:var(--awb-color1);\"><p>Unterst\u00fctzen Sie uns mit Gebet<\/p>\n<\/div><div style=\"text-align:center;\"><a class=\"fusion-button button-flat fusion-button-default-size button-default fusion-button-default button-3 fusion-button-default-span fusion-button-default-type\" target=\"_self\" href=\"https:\/\/portedesperance.eu\/bid-mee\/\"><span class=\"fusion-button-text awb-button__text awb-button__text--default\">beten Sie mit uns<\/span><\/a><\/div><\/div><\/div><\/div><\/div><div class=\"fusion-fullwidth fullwidth-box fusion-builder-row-2 fusion-flex-container hundred-percent-fullwidth non-hundred-percent-height-scrolling\" style=\"--awb-background-position:left top;--awb-border-sizes-top:0px;--awb-border-sizes-bottom:0px;--awb-border-sizes-left:0px;--awb-border-sizes-right:0px;--awb-border-radius-top-left:0px;--awb-border-radius-top-right:0px;--awb-border-radius-bottom-right:0px;--awb-border-radius-bottom-left:0px;--awb-padding-top:0px;--awb-padding-right:0px;--awb-padding-bottom:0px;--awb-padding-left:0px;--awb-flex-wrap:wrap;\" ><div class=\"fusion-builder-row fusion-row fusion-flex-align-items-stretch fusion-flex-content-wrap\" style=\"width:calc( 100% + 0px ) !important;max-width:calc( 100% + 0px ) !important;margin-left: calc(-0px \/ 2 );margin-right: calc(-0px \/ 2 );\"><div class=\"fusion-layout-column fusion_builder_column fusion-builder-column-2 fusion_builder_column_1_1 1_1 fusion-flex-column\" style=\"--awb-padding-top:100px;--awb-padding-right:10%;--awb-padding-bottom:100px;--awb-padding-left:10%;--awb-bg-color:var(--awb-color2);--awb-bg-color-hover:var(--awb-color2);--awb-bg-size:cover;--awb-width-large:100%;--awb-margin-top-large:0px;--awb-spacing-right-large:0px;--awb-margin-bottom-large:0px;--awb-spacing-left-large:0px;--awb-width-medium:100%;--awb-spacing-right-medium:0px;--awb-spacing-left-medium:0px;--awb-width-small:100%;--awb-spacing-right-small:0px;--awb-spacing-left-small:0px;\"><div class=\"fusion-column-wrapper fusion-flex-justify-content-center fusion-content-layout-column\"><div class=\"fusion-separator\" style=\"align-self: flex-start;margin-right:auto;margin-top:0px;margin-bottom:40px;width:100%;max-width:200px;\"><div class=\"fusion-separator-border sep-single sep-solid\" style=\"--awb-height:20px;--awb-amount:20px;--awb-sep-color:var(--awb-color4);border-color:var(--awb-color4);border-top-width:3px;\"><\/div><\/div><div class=\"fusion-text fusion-text-5\"><p><iframe src=\"https:\/\/www.geef.nl\/nl\/doneer?charity=10936&amp;type=e\" width=\"100%\" height=\"850\" frameborder=\"0\" marginwidth=\"0\" marginheight=\"0\"><\/iframe><\/p>\n<\/div><div class=\"fusion-separator fusion-full-width-sep\" style=\"align-self: center;margin-left: auto;margin-right: auto;margin-top:20px;width:100%;\"><\/div><\/div><\/div><\/div><\/div><div class=\"fusion-fullwidth fullwidth-box fusion-builder-row-3 fusion-flex-container has-pattern-background has-mask-background nonhundred-percent-fullwidth non-hundred-percent-height-scrolling\" style=\"--awb-border-radius-top-left:0px;--awb-border-radius-top-right:0px;--awb-border-radius-bottom-right:0px;--awb-border-radius-bottom-left:0px;--awb-flex-wrap:wrap;\" ><div class=\"fusion-builder-row fusion-row fusion-flex-align-items-flex-start fusion-flex-content-wrap\" style=\"max-width:1216.8px;margin-left: calc(-4% \/ 2 );margin-right: calc(-4% \/ 2 );\"><div class=\"fusion-layout-column fusion_builder_column fusion-builder-column-3 fusion_builder_column_1_1 1_1 fusion-flex-column\" style=\"--awb-bg-color:var(--awb-color2);--awb-bg-color-hover:var(--awb-color2);--awb-bg-size:cover;--awb-width-large:100%;--awb-margin-top-large:0px;--awb-spacing-right-large:1.92%;--awb-margin-bottom-large:20px;--awb-spacing-left-large:1.92%;--awb-width-medium:100%;--awb-order-medium:0;--awb-spacing-right-medium:1.92%;--awb-spacing-left-medium:1.92%;--awb-width-small:100%;--awb-order-small:0;--awb-spacing-right-small:1.92%;--awb-spacing-left-small:1.92%;\"><div class=\"fusion-column-wrapper fusion-column-has-shadow fusion-flex-justify-content-flex-start fusion-content-layout-column\"><div class=\"fusion-title title fusion-title-2 fusion-sep-none fusion-title-center fusion-title-text fusion-title-size-two\" style=\"--awb-margin-top:20px;\"><h2 class=\"fusion-title-heading title-heading-center\" style=\"margin:0;text-transform:uppercase;\">Besondere Projekte<\/h2><\/div><div class=\"fusion-separator\" style=\"align-self: center;margin-left: auto;margin-right: auto;margin-bottom:40px;width:100%;max-width:200px;\"><div class=\"fusion-separator-border sep-single sep-solid\" style=\"--awb-height:20px;--awb-amount:20px;--awb-sep-color:var(--awb-color4);border-color:var(--awb-color4);border-top-width:3px;\"><\/div><\/div><div class=\"fusion-content-boxes content-boxes columns row fusion-columns-2 fusion-columns-total-2 fusion-content-boxes-1 content-boxes-icon-with-title content-left\" style=\"--awb-hover-accent-color:var(--awb-color1);--awb-circle-hover-accent-color:transparent;\" data-animationOffset=\"top-into-view\"><div style=\"--awb-backgroundcolor:var(--awb-color3);\" class=\"fusion-column content-box-column content-box-column content-box-column-1 col-lg-6 col-md-6 col-sm-6 fusion-content-box-hover content-box-column-first-in-row content-box-heading fusion-live-editable medium-editor-element\"><div class=\"col content-box-wrapper content-wrapper-background link-area-link-icon link-type-button icon-hover-animation-fade\" data-animationOffset=\"top-into-view\"><div class=\"heading heading-with-icon icon-left\"><a class=\"heading-link\" style=\"float:left;\" href=\"https:\/\/portedesperance.eu\/operatie-nieuw-hart\/\" target=\"_self\"><div aria-hidden=\"true\" class=\"image\"><img decoding=\"async\" class=\"lazyload\" src=\"data:image\/svg+xml,%3Csvg%20xmlns%3D%27http%3A%2F%2Fwww.w3.org%2F2000%2Fsvg%27%20width%3D%271920%27%20height%3D%271080%27%20viewBox%3D%270%200%201920%201080%27%3E%3Crect%20width%3D%271920%27%20height%3D%271080%27%20fill-opacity%3D%220%22%2F%3E%3C%2Fsvg%3E\" data-orig-src=\"http:\/\/portedesperance.eu\/wp-content\/uploads\/2022\/11\/Chene-200x113.jpg\" width=\"200\" height=\"113\" alt=\"\" \/><\/div><h2 class=\"content-box-heading\" style=\"--h2_typography-font-size:23px;line-height:28px;\">Operation Neues Herz<\/h2><\/a><\/div><div class=\"fusion-clearfix\"><\/div><div class=\"content-container\">\n<p style=\"color: var(--awb-color7); font-size: 18px;\" data-fusion-font=\"true\">Helfen Sie beim Bau unseres neuen Managerhauses<\/p>\n<\/div><div class=\"fusion-clearfix\"><\/div><a class=\"fusion-read-more-button fusion-content-box-button fusion-button button-default fusion-button-default-size button- button-flat\" style=\"float:left;\" href=\"https:\/\/portedesperance.eu\/operatie-nieuw-hart\/\" target=\"_self\"><span class=\"fusion-button-text\">Gib uns ein neues Herz<\/span><\/a><div class=\"fusion-clearfix\"><\/div><\/div><\/div><div style=\"--awb-backgroundcolor:var(--awb-color3);\" class=\"fusion-column content-box-column content-box-column content-box-column-2 col-lg-6 col-md-6 col-sm-6 fusion-content-box-hover content-box-column-last content-box-column-last-in-row content-box-heading fusion-live-editable medium-editor-element\"><div class=\"col content-box-wrapper content-wrapper-background link-area-link-icon link-type-button icon-hover-animation-fade\" data-animationOffset=\"top-into-view\"><div class=\"heading heading-with-icon icon-left\"><a class=\"heading-link\" style=\"float:left;\" href=\"https:\/\/portedesperance.eu\/wijnactie\/\" target=\"_self\"><div aria-hidden=\"true\" class=\"image\"><img decoding=\"async\" class=\"lazyload\" src=\"data:image\/svg+xml,%3Csvg%20xmlns%3D%27http%3A%2F%2Fwww.w3.org%2F2000%2Fsvg%27%20width%3D%27640%27%20height%3D%27427%27%20viewBox%3D%270%200%20640%20427%27%3E%3Crect%20width%3D%27640%27%20height%3D%27427%27%20fill-opacity%3D%220%22%2F%3E%3C%2Fsvg%3E\" data-orig-src=\"http:\/\/portedesperance.eu\/wp-content\/uploads\/2024\/01\/f69c2452-cc66-3205-2798-d72dce39096c-300x200.jpeg\" width=\"300\" height=\"200\" alt=\"\" \/><\/div><h2 class=\"content-box-heading\" style=\"--h2_typography-font-size:23px;line-height:28px;\">Wein-Aktion 2024<\/h2><\/a><\/div><div class=\"fusion-clearfix\"><\/div><div class=\"content-container\">\n<p style=\"color: var(--awb-color7); font-size: 18px;\" data-fusion-font=\"true\">Dieser Wein stammt von einem christlichen franz\u00f6sischen Winzer Ch\u00e2teau Gu\u00e9ry. Durch den Kauf von Wein k\u00f6nnen Sie uns helfen, Porte d&#8217;Esp\u00e9rance weiter auszubauen.<\/p>\n<\/div><div class=\"fusion-clearfix\"><\/div><a class=\"fusion-read-more-button fusion-content-box-button fusion-button button-default fusion-button-default-size button- button-flat\" style=\"float:left;\" href=\"https:\/\/portedesperance.eu\/wijnactie\/\" target=\"_self\"><span class=\"fusion-button-text\">Lesen Sie mehr \u00fcber diese Aktion<\/span><\/a><div class=\"fusion-clearfix\"><\/div><\/div><\/div><div class=\"fusion-clearfix\"><\/div><\/div><\/div><\/div><\/div><\/div>\n<\/p>\n","protected":false},"excerpt":{"rendered":"","protected":false},"author":1,"featured_media":0,"parent":0,"menu_order":0,"comment_status":"closed","ping_status":"closed","template":"100-width.php","meta":{"_acf_changed":false,"om_disable_all_campaigns":false,"_monsterinsights_skip_tracking":false,"_monsterinsights_sitenote_active":false,"_monsterinsights_sitenote_note":"","_monsterinsights_sitenote_category":0,"footnotes":""},"class_list":["post-3747","page","type-page","status-publish","hentry"],"acf":[],"yoast_head":"<!-- This site is optimized with the Yoast SEO plugin v26.9 - https:\/\/yoast.com\/product\/yoast-seo-wordpress\/ -->\n<title>Unterst\u00fctzen Sie uns - Porte d&#039;Esp\u00e9rance<\/title>\n<meta name=\"robots\" content=\"index, follow, max-snippet:-1, max-image-preview:large, max-video-preview:-1\" \/>\n<link rel=\"canonical\" href=\"https:\/\/portedesperance.eu\/de\/unterstuetzen-sie-uns\/\" \/>\n<meta property=\"og:locale\" content=\"de_DE\" \/>\n<meta property=\"og:type\" content=\"article\" \/>\n<meta property=\"og:title\" content=\"Unterst\u00fctzen Sie uns - Porte d&#039;Esp\u00e9rance\" \/>\n<meta property=\"og:url\" content=\"https:\/\/portedesperance.eu\/de\/unterstuetzen-sie-uns\/\" \/>\n<meta property=\"og:site_name\" content=\"Porte d&#039;Esp\u00e9rance\" \/>\n<meta property=\"article:modified_time\" content=\"2025-09-15T11:32:45+00:00\" \/>\n<meta property=\"og:image\" content=\"https:\/\/portedesperance.eu\/wp-content\/uploads\/2023\/01\/P1050905.jpg\" \/>\n\t<meta property=\"og:image:width\" content=\"2048\" \/>\n\t<meta property=\"og:image:height\" content=\"1536\" \/>\n\t<meta property=\"og:image:type\" content=\"image\/jpeg\" \/>\n<meta name=\"twitter:card\" content=\"summary_large_image\" \/>\n<meta name=\"twitter:label1\" content=\"Gesch\u00e4tzte Lesezeit\" \/>\n\t<meta name=\"twitter:data1\" content=\"5\u00a0Minuten\" \/>\n<script type=\"application\/ld+json\" class=\"yoast-schema-graph\">{\"@context\":\"https:\/\/schema.org\",\"@graph\":[{\"@type\":\"WebPage\",\"@id\":\"https:\/\/portedesperance.eu\/de\/unterstuetzen-sie-uns\/\",\"url\":\"https:\/\/portedesperance.eu\/de\/unterstuetzen-sie-uns\/\",\"name\":\"Unterst\u00fctzen Sie uns - Porte d&#039;Esp\u00e9rance\",\"isPartOf\":{\"@id\":\"https:\/\/portedesperance.eu\/de\/#website\"},\"datePublished\":\"2016-08-10T08:52:10+00:00\",\"dateModified\":\"2025-09-15T11:32:45+00:00\",\"breadcrumb\":{\"@id\":\"https:\/\/portedesperance.eu\/de\/unterstuetzen-sie-uns\/#breadcrumb\"},\"inLanguage\":\"de\",\"potentialAction\":[{\"@type\":\"ReadAction\",\"target\":[\"https:\/\/portedesperance.eu\/de\/unterstuetzen-sie-uns\/\"]}]},{\"@type\":\"BreadcrumbList\",\"@id\":\"https:\/\/portedesperance.eu\/de\/unterstuetzen-sie-uns\/#breadcrumb\",\"itemListElement\":[{\"@type\":\"ListItem\",\"position\":1,\"name\":\"Home\",\"item\":\"https:\/\/portedesperance.eu\/de\/charity-home-2\/\"},{\"@type\":\"ListItem\",\"position\":2,\"name\":\"Unterst\u00fctzen Sie uns\"}]},{\"@type\":\"WebSite\",\"@id\":\"https:\/\/portedesperance.eu\/de\/#website\",\"url\":\"https:\/\/portedesperance.eu\/de\/\",\"name\":\"Porte d Esperance\",\"description\":\"Vrienden van Porte d&#039;Esp\u00e9rance\",\"publisher\":{\"@id\":\"https:\/\/portedesperance.eu\/de\/#organization\"},\"potentialAction\":[{\"@type\":\"SearchAction\",\"target\":{\"@type\":\"EntryPoint\",\"urlTemplate\":\"https:\/\/portedesperance.eu\/de\/?s={search_term_string}\"},\"query-input\":{\"@type\":\"PropertyValueSpecification\",\"valueRequired\":true,\"valueName\":\"search_term_string\"}}],\"inLanguage\":\"de\"},{\"@type\":\"Organization\",\"@id\":\"https:\/\/portedesperance.eu\/de\/#organization\",\"name\":\"Porte d Esperance\",\"url\":\"https:\/\/portedesperance.eu\/de\/\",\"logo\":{\"@type\":\"ImageObject\",\"inLanguage\":\"de\",\"@id\":\"https:\/\/portedesperance.eu\/de\/#\/schema\/logo\/image\/\",\"url\":\"https:\/\/portedesperance.eu\/wp-content\/uploads\/2023\/01\/LOGO_Porte-desperance_tekstblok_groen.png\",\"contentUrl\":\"https:\/\/portedesperance.eu\/wp-content\/uploads\/2023\/01\/LOGO_Porte-desperance_tekstblok_groen.png\",\"width\":400,\"height\":239,\"caption\":\"Porte d Esperance\"},\"image\":{\"@id\":\"https:\/\/portedesperance.eu\/de\/#\/schema\/logo\/image\/\"}}]}<\/script>\n<!-- \/ Yoast SEO plugin. -->","yoast_head_json":{"title":"Unterst\u00fctzen Sie uns - Porte d&#039;Esp\u00e9rance","robots":{"index":"index","follow":"follow","max-snippet":"max-snippet:-1","max-image-preview":"max-image-preview:large","max-video-preview":"max-video-preview:-1"},"canonical":"https:\/\/portedesperance.eu\/de\/unterstuetzen-sie-uns\/","og_locale":"de_DE","og_type":"article","og_title":"Unterst\u00fctzen Sie uns - Porte d&#039;Esp\u00e9rance","og_url":"https:\/\/portedesperance.eu\/de\/unterstuetzen-sie-uns\/","og_site_name":"Porte d&#039;Esp\u00e9rance","article_modified_time":"2025-09-15T11:32:45+00:00","og_image":[{"width":2048,"height":1536,"url":"https:\/\/portedesperance.eu\/wp-content\/uploads\/2023\/01\/P1050905.jpg","type":"image\/jpeg"}],"twitter_card":"summary_large_image","twitter_misc":{"Gesch\u00e4tzte Lesezeit":"5\u00a0Minuten"},"schema":{"@context":"https:\/\/schema.org","@graph":[{"@type":"WebPage","@id":"https:\/\/portedesperance.eu\/de\/unterstuetzen-sie-uns\/","url":"https:\/\/portedesperance.eu\/de\/unterstuetzen-sie-uns\/","name":"Unterst\u00fctzen Sie uns - Porte d&#039;Esp\u00e9rance","isPartOf":{"@id":"https:\/\/portedesperance.eu\/de\/#website"},"datePublished":"2016-08-10T08:52:10+00:00","dateModified":"2025-09-15T11:32:45+00:00","breadcrumb":{"@id":"https:\/\/portedesperance.eu\/de\/unterstuetzen-sie-uns\/#breadcrumb"},"inLanguage":"de","potentialAction":[{"@type":"ReadAction","target":["https:\/\/portedesperance.eu\/de\/unterstuetzen-sie-uns\/"]}]},{"@type":"BreadcrumbList","@id":"https:\/\/portedesperance.eu\/de\/unterstuetzen-sie-uns\/#breadcrumb","itemListElement":[{"@type":"ListItem","position":1,"name":"Home","item":"https:\/\/portedesperance.eu\/de\/charity-home-2\/"},{"@type":"ListItem","position":2,"name":"Unterst\u00fctzen Sie uns"}]},{"@type":"WebSite","@id":"https:\/\/portedesperance.eu\/de\/#website","url":"https:\/\/portedesperance.eu\/de\/","name":"Porte d Esperance","description":"Vrienden van Porte d&#039;Esp\u00e9rance","publisher":{"@id":"https:\/\/portedesperance.eu\/de\/#organization"},"potentialAction":[{"@type":"SearchAction","target":{"@type":"EntryPoint","urlTemplate":"https:\/\/portedesperance.eu\/de\/?s={search_term_string}"},"query-input":{"@type":"PropertyValueSpecification","valueRequired":true,"valueName":"search_term_string"}}],"inLanguage":"de"},{"@type":"Organization","@id":"https:\/\/portedesperance.eu\/de\/#organization","name":"Porte d Esperance","url":"https:\/\/portedesperance.eu\/de\/","logo":{"@type":"ImageObject","inLanguage":"de","@id":"https:\/\/portedesperance.eu\/de\/#\/schema\/logo\/image\/","url":"https:\/\/portedesperance.eu\/wp-content\/uploads\/2023\/01\/LOGO_Porte-desperance_tekstblok_groen.png","contentUrl":"https:\/\/portedesperance.eu\/wp-content\/uploads\/2023\/01\/LOGO_Porte-desperance_tekstblok_groen.png","width":400,"height":239,"caption":"Porte d Esperance"},"image":{"@id":"https:\/\/portedesperance.eu\/de\/#\/schema\/logo\/image\/"}}]}},"_links":{"self":[{"href":"https:\/\/portedesperance.eu\/de\/wp-json\/wp\/v2\/pages\/3747","targetHints":{"allow":["GET"]}}],"collection":[{"href":"https:\/\/portedesperance.eu\/de\/wp-json\/wp\/v2\/pages"}],"about":[{"href":"https:\/\/portedesperance.eu\/de\/wp-json\/wp\/v2\/types\/page"}],"author":[{"embeddable":true,"href":"https:\/\/portedesperance.eu\/de\/wp-json\/wp\/v2\/users\/1"}],"replies":[{"embeddable":true,"href":"https:\/\/portedesperance.eu\/de\/wp-json\/wp\/v2\/comments?post=3747"}],"version-history":[{"count":17,"href":"https:\/\/portedesperance.eu\/de\/wp-json\/wp\/v2\/pages\/3747\/revisions"}],"predecessor-version":[{"id":4547,"href":"https:\/\/portedesperance.eu\/de\/wp-json\/wp\/v2\/pages\/3747\/revisions\/4547"}],"wp:attachment":[{"href":"https:\/\/portedesperance.eu\/de\/wp-json\/wp\/v2\/media?parent=3747"}],"curies":[{"name":"wp","href":"https:\/\/api.w.org\/{rel}","templated":true}]}}